{"id":2147,"date":"2021-09-17T09:47:23","date_gmt":"2021-09-17T07:47:23","guid":{"rendered":"https:\/\/productospepito.es\/?post_type=product&#038;p=2147"},"modified":"2023-03-13T09:48:09","modified_gmt":"2023-03-13T08:48:09","slug":"magdalenas-mojicon-pepito","status":"publish","type":"product","link":"https:\/\/productospepito.es\/en\/product\/magdalenas-mojicon-pepito\/","title":{"rendered":"Muffins \u201cMojic\u00f3n\u201d Pepito"},"content":{"rendered":"<div data-elementor-type=\"product-post\" data-elementor-id=\"2147\" class=\"elementor elementor-2147\" data-elementor-settings=\"{&quot;element_pack_global_tooltip_width&quot;:{&quot;unit&quot;:&quot;px&quot;,&quot;size&quot;:&quot;&quot;,&quot;sizes&quot;:[]},&quot;element_pack_global_tooltip_width_tablet&quot;:{&quot;unit&quot;:&quot;px&quot;,&quot;size&quot;:&quot;&quot;,&quot;sizes&quot;:[]},&quot;element_pack_global_tooltip_width_mobile&quot;:{&quot;unit&quot;:&quot;px&quot;,&quot;size&quot;:&quot;&quot;,&quot;sizes&quot;:[]},&quot;element_pack_global_tooltip_padding&quot;:{&quot;unit&quot;:&quot;px&quot;,&quot;top&quot;:&quot;&quot;,&quot;right&quot;:&quot;&quot;,&quot;bottom&quot;:&quot;&quot;,&quot;left&quot;:&quot;&quot;,&quot;isLinked&quot;:true},&quot;element_pack_global_tooltip_padding_tablet&quot;:{&quot;unit&quot;:&quot;px&quot;,&quot;top&quot;:&quot;&quot;,&quot;right&quot;:&quot;&quot;,&quot;bottom&quot;:&quot;&quot;,&quot;left&quot;:&quot;&quot;,&quot;isLinked&quot;:true},&quot;element_pack_global_tooltip_padding_mobile&quot;:{&quot;unit&quot;:&quot;px&quot;,&quot;top&quot;:&quot;&quot;,&quot;right&quot;:&quot;&quot;,&quot;bottom&quot;:&quot;&quot;,&quot;left&quot;:&quot;&quot;,&quot;isLinked&quot;:true},&quot;element_pack_global_tooltip_border_radius&quot;:{&quot;unit&quot;:&quot;px&quot;,&quot;top&quot;:&quot;&quot;,&quot;right&quot;:&quot;&quot;,&quot;bottom&quot;:&quot;&quot;,&quot;left&quot;:&quot;&quot;,&quot;isLinked&quot;:true},&quot;element_pack_global_tooltip_border_radius_tablet&quot;:{&quot;unit&quot;:&quot;px&quot;,&quot;top&quot;:&quot;&quot;,&quot;right&quot;:&quot;&quot;,&quot;bottom&quot;:&quot;&quot;,&quot;left&quot;:&quot;&quot;,&quot;isLinked&quot;:true},&quot;element_pack_global_tooltip_border_radius_mobile&quot;:{&quot;unit&quot;:&quot;px&quot;,&quot;top&quot;:&quot;&quot;,&quot;right&quot;:&quot;&quot;,&quot;bottom&quot;:&quot;&quot;,&quot;left&quot;:&quot;&quot;,&quot;isLinked&quot;:true}}\" data-elementor-post-type=\"product\">\n\t\t\t\t\t\t<section class=\"elementor-section elementor-top-section elementor-element elementor-element-47c0169 elementor-section-full_width elementor-section-height-default elementor-section-height-default\" data-id=\"47c0169\" data-element_type=\"section\" data-settings=\"{&quot;background_background&quot;:&quot;classic&quot;,&quot;shape_divider_bottom&quot;:&quot;mountains&quot;}\">\n\t\t\t\t\t\t\t<div class=\"elementor-background-overlay\"><\/div>\n\t\t\t\t\t\t<div class=\"elementor-shape elementor-shape-bottom\" aria-hidden=\"true\" data-negative=\"false\">\n\t\t\t<svg xmlns=\"http:\/\/www.w3.org\/2000\/svg\" viewbox=\"0 0 1000 100\" preserveaspectratio=\"none\">\n\t<path class=\"elementor-shape-fill\" opacity=\"0.33\" d=\"M473,67.3c-203.9,88.3-263.1-34-320.3,0C66,119.1,0,59.7,0,59.7V0h1000v59.7 c0,0-62.1,26.1-94.9,29.3c-32.8,3.3-62.8-12.3-75.8-22.1C806,49.6,745.3,8.7,694.9,4.7S492.4,59,473,67.3z\"\/>\n\t<path class=\"elementor-shape-fill\" opacity=\"0.66\" d=\"M734,67.3c-45.5,0-77.2-23.2-129.1-39.1c-28.6-8.7-150.3-10.1-254,39.1 s-91.7-34.4-149.2,0C115.7,118.3,0,39.8,0,39.8V0h1000v36.5c0,0-28.2-18.5-92.1-18.5C810.2,18.1,775.7,67.3,734,67.3z\"\/>\n\t<path class=\"elementor-shape-fill\" d=\"M766.1,28.9c-200-57.5-266,65.5-395.1,19.5C242,1.8,242,5.4,184.8,20.6C128,35.8,132.3,44.9,89.9,52.5C28.6,63.7,0,0,0,0 h1000c0,0-9.9,40.9-83.6,48.1S829.6,47,766.1,28.9z\"\/>\n<\/svg>\t\t<\/div>\n\t\t\t\t\t<div class=\"elementor-container elementor-column-gap-default\">\n\t\t\t\t\t<div class=\"elementor-column elementor-col-100 elementor-top-column elementor-element elementor-element-7456d5c\" data-id=\"7456d5c\" data-element_type=\"column\">\n\t\t\t<div class=\"elementor-widget-wrap elementor-element-populated\">\n\t\t\t\t\t\t<div class=\"elementor-element elementor-element-dca0dbd elementor-widget elementor-widget-heading\" data-id=\"dca0dbd\" data-element_type=\"widget\" data-widget_type=\"heading.default\">\n\t\t\t\t<div class=\"elementor-widget-container\">\n\t\t\t\t\t<h6 class=\"elementor-heading-title elementor-size-default\">Pepito Products,<\/h6>\t\t\t\t<\/div>\n\t\t\t\t<\/div>\n\t\t\t\t<div class=\"elementor-element elementor-element-6ea8798 elementor-widget elementor-widget-heading\" data-id=\"6ea8798\" data-element_type=\"widget\" data-widget_type=\"heading.default\">\n\t\t\t\t<div class=\"elementor-widget-container\">\n\t\t\t\t\t<h1 class=\"elementor-heading-title elementor-size-default\">Muffins \u201cMojic\u00f3n\u201d Pepito<\/h1>\t\t\t\t<\/div>\n\t\t\t\t<\/div>\n\t\t\t\t\t<\/div>\n\t\t<\/div>\n\t\t\t\t\t<\/div>\n\t\t<\/section>\n\t\t\t\t<section class=\"elementor-section elementor-top-section elementor-element elementor-element-53e42ea elementor-section-boxed elementor-section-height-default elementor-section-height-default\" data-id=\"53e42ea\" data-element_type=\"section\">\n\t\t\t\t\t\t<div class=\"elementor-container elementor-column-gap-default\">\n\t\t\t\t\t<div class=\"elementor-column elementor-col-33 elementor-top-column elementor-element elementor-element-f6a5fb9\" data-id=\"f6a5fb9\" data-element_type=\"column\">\n\t\t\t<div class=\"elementor-widget-wrap elementor-element-populated\">\n\t\t\t\t\t\t<div class=\"elementor-element elementor-element-3dde0f3 elementor-arrows-position-inside elementor-widget elementor-widget-image-carousel\" data-id=\"3dde0f3\" data-element_type=\"widget\" data-settings=\"{&quot;slides_to_show&quot;:&quot;1&quot;,&quot;navigation&quot;:&quot;arrows&quot;,&quot;autoplay&quot;:&quot;yes&quot;,&quot;pause_on_hover&quot;:&quot;yes&quot;,&quot;pause_on_interaction&quot;:&quot;yes&quot;,&quot;autoplay_speed&quot;:5000,&quot;infinite&quot;:&quot;yes&quot;,&quot;effect&quot;:&quot;slide&quot;,&quot;speed&quot;:500}\" data-widget_type=\"image-carousel.default\">\n\t\t\t\t<div class=\"elementor-widget-container\">\n\t\t\t\t\t\t\t<div class=\"elementor-image-carousel-wrapper swiper\" role=\"region\" aria-roledescription=\"carousel\" aria-label=\"Carrusel de im\u00e1genes\" dir=\"ltr\">\n\t\t\t<div class=\"elementor-image-carousel swiper-wrapper\" aria-live=\"off\">\n\t\t\t\t\t\t\t\t<div class=\"swiper-slide\" role=\"group\" aria-roledescription=\"slide\" aria-label=\"1 de 3\"><figure class=\"swiper-slide-inner\"><img decoding=\"async\" class=\"swiper-slide-image\" src=\"https:\/\/productospepito.es\/wp-content\/uploads\/2021\/08\/mojicon_40ud-768x867.png\" alt=\"mojicon_40ud\" \/><\/figure><\/div><div class=\"swiper-slide\" role=\"group\" aria-roledescription=\"slide\" aria-label=\"2 de 3\"><figure class=\"swiper-slide-inner\"><img decoding=\"async\" class=\"swiper-slide-image\" src=\"https:\/\/productospepito.es\/wp-content\/uploads\/2021\/09\/mojicon_40ud_2-768x867.png\" alt=\"mojicon_40ud_2\" \/><\/figure><\/div><div class=\"swiper-slide\" role=\"group\" aria-roledescription=\"slide\" aria-label=\"3 de 3\"><figure class=\"swiper-slide-inner\"><img decoding=\"async\" class=\"swiper-slide-image\" src=\"https:\/\/productospepito.es\/wp-content\/uploads\/2021\/09\/mojicon_40ud_4-768x867.png\" alt=\"mojicon_40ud_4\" \/><\/figure><\/div>\t\t\t<\/div>\n\t\t\t\t\t\t\t\t\t\t\t\t<div class=\"elementor-swiper-button elementor-swiper-button-prev\" role=\"button\" tabindex=\"0\">\n\t\t\t\t\t\t<i aria-hidden=\"true\" class=\"eicon-chevron-left\"><\/i>\t\t\t\t\t<\/div>\n\t\t\t\t\t<div class=\"elementor-swiper-button elementor-swiper-button-next\" role=\"button\" tabindex=\"0\">\n\t\t\t\t\t\t<i aria-hidden=\"true\" class=\"eicon-chevron-right\"><\/i>\t\t\t\t\t<\/div>\n\t\t\t\t\n\t\t\t\t\t\t\t\t\t<\/div>\n\t\t\t\t\t\t<\/div>\n\t\t\t\t<\/div>\n\t\t\t\t\t<\/div>\n\t\t<\/div>\n\t\t\t\t<div class=\"elementor-column elementor-col-33 elementor-top-column elementor-element elementor-element-6bcad34 elementor-hidden-tablet elementor-hidden-phone\" data-id=\"6bcad34\" data-element_type=\"column\">\n\t\t\t<div class=\"elementor-widget-wrap\">\n\t\t\t\t\t\t\t<\/div>\n\t\t<\/div>\n\t\t\t\t<div class=\"elementor-column elementor-col-33 elementor-top-column elementor-element elementor-element-ac213ff\" data-id=\"ac213ff\" data-element_type=\"column\">\n\t\t\t<div class=\"elementor-widget-wrap elementor-element-populated\">\n\t\t\t\t\t\t<div class=\"elementor-element elementor-element-9530f8a elementor-widget elementor-widget-heading\" data-id=\"9530f8a\" data-element_type=\"widget\" data-widget_type=\"heading.default\">\n\t\t\t\t<div class=\"elementor-widget-container\">\n\t\t\t\t\t<h6 class=\"elementor-heading-title elementor-size-default\">Pack 40 units <\/h6>\t\t\t\t<\/div>\n\t\t\t\t<\/div>\n\t\t\t\t<div class=\"elementor-element elementor-element-6f8484a elementor-widget elementor-widget-heading\" data-id=\"6f8484a\" data-element_type=\"widget\" data-widget_type=\"heading.default\">\n\t\t\t\t<div class=\"elementor-widget-container\">\n\t\t\t\t\t<h4 class=\"elementor-heading-title elementor-size-default\">Muffins \u201cMojic\u00f3n\u201d Pepito<\/h4>\t\t\t\t<\/div>\n\t\t\t\t<\/div>\n\t\t\t\t<div class=\"elementor-element elementor-element-74f1eb1 elementor-widget elementor-widget-text-editor\" data-id=\"74f1eb1\" data-element_type=\"widget\" data-widget_type=\"text-editor.default\">\n\t\t\t\t<div class=\"elementor-widget-container\">\n\t\t\t\t\t\t\t\t\t<p>Box of 40 units of Mojic\u00f3n Muffins individually packed.<\/p><p>\u00a0<\/p><p><em>Net Weight: 2500g<\/em><\/p>\t\t\t\t\t\t\t\t<\/div>\n\t\t\t\t<\/div>\n\t\t\t\t<section class=\"elementor-section elementor-inner-section elementor-element elementor-element-e678aff elementor-section-boxed elementor-section-height-default elementor-section-height-default\" data-id=\"e678aff\" data-element_type=\"section\">\n\t\t\t\t\t\t<div class=\"elementor-container elementor-column-gap-default\">\n\t\t\t\t\t<div class=\"elementor-column elementor-col-33 elementor-inner-column elementor-element elementor-element-0d19193\" data-id=\"0d19193\" data-element_type=\"column\">\n\t\t\t<div class=\"elementor-widget-wrap elementor-element-populated\">\n\t\t\t\t\t\t<div class=\"elementor-element elementor-element-b41ba4b elementor-widget elementor-widget-image\" data-id=\"b41ba4b\" data-element_type=\"widget\" data-widget_type=\"image.default\">\n\t\t\t\t<div class=\"elementor-widget-container\">\n\t\t\t\t\t\t\t\t\t\t\t\t\t\t\t<img decoding=\"async\" src=\"https:\/\/productospepito.es\/wp-content\/uploads\/2021\/10\/iconos_pepito_en_Mesa-de-trabajo-1-copia-7.png\" title=\"iconos_magdalenas_pepito (3)\" alt=\"iconos_magdalenas_pepito (3)\" loading=\"lazy\" \/>\t\t\t\t\t\t\t\t\t\t\t\t\t\t\t<\/div>\n\t\t\t\t<\/div>\n\t\t\t\t\t<\/div>\n\t\t<\/div>\n\t\t\t\t<div class=\"elementor-column elementor-col-33 elementor-inner-column elementor-element elementor-element-660fedb\" data-id=\"660fedb\" data-element_type=\"column\">\n\t\t\t<div class=\"elementor-widget-wrap elementor-element-populated\">\n\t\t\t\t\t\t<div class=\"elementor-element elementor-element-c207b22 elementor-widget elementor-widget-image\" data-id=\"c207b22\" data-element_type=\"widget\" data-widget_type=\"image.default\">\n\t\t\t\t<div class=\"elementor-widget-container\">\n\t\t\t\t\t\t\t\t\t\t\t\t\t\t\t<img decoding=\"async\" src=\"https:\/\/productospepito.es\/wp-content\/uploads\/2021\/10\/iconos_pepito_en_Mesa-de-trabajo-1-copia-4.png\" title=\"iconos_magdalenas_pepito (2)\" alt=\"iconos_magdalenas_pepito (2)\" loading=\"lazy\" \/>\t\t\t\t\t\t\t\t\t\t\t\t\t\t\t<\/div>\n\t\t\t\t<\/div>\n\t\t\t\t\t<\/div>\n\t\t<\/div>\n\t\t\t\t<div class=\"elementor-column elementor-col-33 elementor-inner-column elementor-element elementor-element-54668fe\" data-id=\"54668fe\" data-element_type=\"column\">\n\t\t\t<div class=\"elementor-widget-wrap elementor-element-populated\">\n\t\t\t\t\t\t<div class=\"elementor-element elementor-element-8d404e3 elementor-widget elementor-widget-image\" data-id=\"8d404e3\" data-element_type=\"widget\" data-widget_type=\"image.default\">\n\t\t\t\t<div class=\"elementor-widget-container\">\n\t\t\t\t\t\t\t\t\t\t\t\t\t\t\t<img decoding=\"async\" src=\"https:\/\/productospepito.es\/wp-content\/uploads\/2021\/10\/iconos_pepito_en_Mesa-de-trabajo-1-copia-5.png\" title=\"iconos_pepito_Mesa de trabajo 1 copia\" alt=\"iconos_pepito_Mesa de trabajo 1 copia\" loading=\"lazy\" \/>\t\t\t\t\t\t\t\t\t\t\t\t\t\t\t<\/div>\n\t\t\t\t<\/div>\n\t\t\t\t\t<\/div>\n\t\t<\/div>\n\t\t\t\t\t<\/div>\n\t\t<\/section>\n\t\t\t\t<div class=\"elementor-element elementor-element-5096b3a elementor-widget elementor-widget-yith-ywraq-button-quote\" data-id=\"5096b3a\" data-element_type=\"widget\" data-widget_type=\"yith-ywraq-button-quote.default\">\n\t\t\t\t<div class=\"elementor-widget-container\">\n\t\t\t\t\t\n<div\n\tclass=\"yith-ywraq-add-to-quote add-to-quote-2147\" >\n\t\t<div class=\"yith-ywraq-add-button show\" style=\"display:block\"  data-product_id=\"2147\">\n\t\t<style>#p-2147.add-request-quote-button.button{background-color: #0066b4!important;\n    color: #fff!important;}\n    \n     #p-2147.add-request-quote-button.button:hover{ background-color: #044a80!important;\n    color: #fff!important; }<\/style>\n<a href=\"#\" class=\"add-request-quote-button button\" data-product_id=\"2147\" data-wp_nonce=\"774c4c958d\" id=\"p-2147\">\n\t\t\t\tAdd to quote\t<\/a>\n\t<\/div>\n\t<div\n\t\tclass=\"yith_ywraq_add_item_product-response-2147 yith_ywraq_add_item_product_message hide hide-when-removed\"\n\t\tstyle=\"display:none\" data-product_id=\"2147\"><\/div>\n\t<div\n\t\tclass=\"yith_ywraq_add_item_response-2147 yith_ywraq_add_item_response_message hide hide-when-removed\"\n\t\tdata-product_id=\"2147\"\n\t\tstyle=\"display:none\">Este producto ya est\u00e1 en tu lista de solicitudes de presupuesto.<\/div>\n\t<div\n\t\tclass=\"yith_ywraq_add_item_browse-list-2147 yith_ywraq_add_item_browse_message  hide hide-when-removed\"\n\t\tstyle=\"display:none\"\n\t\tdata-product_id=\"2147\"><a\n\t\t\thref=\"https:\/\/productospepito.es\/en\/presupuestos\/\">Explorar la lista<\/a><\/div>\n\n<\/div>\n\n<div class=\"clear\"><\/div>\n\t\t\t\t<\/div>\n\t\t\t\t<\/div>\n\t\t\t\t<div class=\"elementor-element elementor-element-e0d4f6e elementor-align-left elementor-hidden-desktop elementor-hidden-tablet elementor-hidden-mobile elementor-widget elementor-widget-button\" data-id=\"e0d4f6e\" data-element_type=\"widget\" data-widget_type=\"button.default\">\n\t\t\t\t<div class=\"elementor-widget-container\">\n\t\t\t\t\t\t\t\t\t<div class=\"elementor-button-wrapper\">\n\t\t\t\t\t<a class=\"elementor-button elementor-button-link elementor-size-xs\" href=\"#dos\">\n\t\t\t\t\t\t<span class=\"elementor-button-content-wrapper\">\n\t\t\t\t\t\t<span class=\"elementor-button-icon\">\n\t\t\t\t<i aria-hidden=\"true\" class=\"fas fa-arrow-alt-circle-down\"><\/i>\t\t\t<\/span>\n\t\t\t\t\t\t\t\t\t<span class=\"elementor-button-text\">M\u00e1s informaci\u00f3n<\/span>\n\t\t\t\t\t<\/span>\n\t\t\t\t\t<\/a>\n\t\t\t\t<\/div>\n\t\t\t\t\t\t\t\t<\/div>\n\t\t\t\t<\/div>\n\t\t\t\t\t<\/div>\n\t\t<\/div>\n\t\t\t\t\t<\/div>\n\t\t<\/section>\n\t\t\t\t<\/div>","protected":false},"excerpt":{"rendered":"<p>Productos Pepito Magdalenas \u201cMojic\u00f3n\u201d Pepito Anterior Siguiente Pack 40 unidades Magdalenas \u201cMojic\u00f3n\u201d Pepito Caja de 40 unidades de Magdalenas Mojic\u00f3n envasadas individualmente. \u00a0 Peso neto: 2500g A\u00f1adir al presupuesto Este producto ya est\u00e1 en tu lista de solicitudes de presupuesto. Explorar la lista M\u00e1s informaci\u00f3n<\/p>","protected":false},"featured_media":1389,"comment_status":"open","ping_status":"closed","template":"elementor_header_footer","meta":[],"product_brand":[],"product_cat":[26],"product_tag":[],"class_list":{"0":"post-2147","1":"product","2":"type-product","3":"status-publish","4":"has-post-thumbnail","6":"product_cat-productos-pepito","7":"entry","9":"first","10":"instock","11":"shipping-taxable","12":"product-type-simple"},"yoast_head":"<!-- This site is optimized with the Yoast SEO plugin v26.3 - https:\/\/yoast.com\/wordpress\/plugins\/seo\/ -->\n<title>Magdalenas \u201cMojic\u00f3n\u201d Pepito - Productos Pepito<\/title>\n<meta name=\"robots\" content=\"index, follow, max-snippet:-1, max-image-preview:large, max-video-preview:-1\" \/>\n<link rel=\"canonical\" href=\"https:\/\/productospepito.es\/en\/product\/magdalenas-mojicon-pepito\/\" \/>\n<meta property=\"og:locale\" content=\"en_GB\" \/>\n<meta property=\"og:type\" content=\"article\" \/>\n<meta property=\"og:title\" content=\"Magdalenas \u201cMojic\u00f3n\u201d Pepito - Productos Pepito\" \/>\n<meta property=\"og:description\" content=\"Productos Pepito Magdalenas \u201cMojic\u00f3n\u201d Pepito Anterior Siguiente Pack 40 unidades Magdalenas \u201cMojic\u00f3n\u201d Pepito Caja de 40 unidades de Magdalenas Mojic\u00f3n envasadas individualmente. \u00a0 Peso neto: 2500g A\u00f1adir al presupuesto Este producto ya est\u00e1 en tu lista de solicitudes de presupuesto. Explorar la lista M\u00e1s informaci\u00f3n\" \/>\n<meta property=\"og:url\" content=\"https:\/\/productospepito.es\/en\/product\/magdalenas-mojicon-pepito\/\" \/>\n<meta property=\"og:site_name\" content=\"Productos Pepito\" \/>\n<meta property=\"article:modified_time\" content=\"2023-03-13T08:48:09+00:00\" \/>\n<meta property=\"og:image\" content=\"https:\/\/productospepito.es\/wp-content\/uploads\/2021\/09\/mojicon_40ud_2.png\" \/>\n\t<meta property=\"og:image:width\" content=\"1063\" \/>\n\t<meta property=\"og:image:height\" content=\"1200\" \/>\n\t<meta property=\"og:image:type\" content=\"image\/png\" \/>\n<meta name=\"twitter:card\" content=\"summary_large_image\" \/>\n<script type=\"application\/ld+json\" class=\"yoast-schema-graph\">{\"@context\":\"https:\/\/schema.org\",\"@graph\":[{\"@type\":\"WebPage\",\"@id\":\"https:\/\/productospepito.es\/producto\/magdalenas-mojicon-pepito\/\",\"url\":\"https:\/\/productospepito.es\/producto\/magdalenas-mojicon-pepito\/\",\"name\":\"Magdalenas \u201cMojic\u00f3n\u201d Pepito - Productos Pepito\",\"isPartOf\":{\"@id\":\"https:\/\/productospepito.es\/#website\"},\"primaryImageOfPage\":{\"@id\":\"https:\/\/productospepito.es\/producto\/magdalenas-mojicon-pepito\/#primaryimage\"},\"image\":{\"@id\":\"https:\/\/productospepito.es\/producto\/magdalenas-mojicon-pepito\/#primaryimage\"},\"thumbnailUrl\":\"https:\/\/productospepito.es\/wp-content\/uploads\/2021\/09\/mojicon_40ud_2.png\",\"datePublished\":\"2021-09-17T07:47:23+00:00\",\"dateModified\":\"2023-03-13T08:48:09+00:00\",\"breadcrumb\":{\"@id\":\"https:\/\/productospepito.es\/producto\/magdalenas-mojicon-pepito\/#breadcrumb\"},\"inLanguage\":\"en-GB\",\"potentialAction\":[{\"@type\":\"ReadAction\",\"target\":[\"https:\/\/productospepito.es\/producto\/magdalenas-mojicon-pepito\/\"]}]},{\"@type\":\"ImageObject\",\"inLanguage\":\"en-GB\",\"@id\":\"https:\/\/productospepito.es\/producto\/magdalenas-mojicon-pepito\/#primaryimage\",\"url\":\"https:\/\/productospepito.es\/wp-content\/uploads\/2021\/09\/mojicon_40ud_2.png\",\"contentUrl\":\"https:\/\/productospepito.es\/wp-content\/uploads\/2021\/09\/mojicon_40ud_2.png\",\"width\":1063,\"height\":1200},{\"@type\":\"BreadcrumbList\",\"@id\":\"https:\/\/productospepito.es\/producto\/magdalenas-mojicon-pepito\/#breadcrumb\",\"itemListElement\":[{\"@type\":\"ListItem\",\"position\":1,\"name\":\"Portada\",\"item\":\"https:\/\/productospepito.es\/\"},{\"@type\":\"ListItem\",\"position\":2,\"name\":\"Products\",\"item\":\"https:\/\/productospepito.es\/en\/shop\/\"},{\"@type\":\"ListItem\",\"position\":3,\"name\":\"Magdalenas \u201cMojic\u00f3n\u201d Pepito\"}]},{\"@type\":\"WebSite\",\"@id\":\"https:\/\/productospepito.es\/#website\",\"url\":\"https:\/\/productospepito.es\/\",\"name\":\"Productos Pepito\",\"description\":\"Fabricantes de Magdalenas desde 1973\",\"publisher\":{\"@id\":\"https:\/\/productospepito.es\/#organization\"},\"potentialAction\":[{\"@type\":\"SearchAction\",\"target\":{\"@type\":\"EntryPoint\",\"urlTemplate\":\"https:\/\/productospepito.es\/?s={search_term_string}\"},\"query-input\":{\"@type\":\"PropertyValueSpecification\",\"valueRequired\":true,\"valueName\":\"search_term_string\"}}],\"inLanguage\":\"en-GB\"},{\"@type\":\"Organization\",\"@id\":\"https:\/\/productospepito.es\/#organization\",\"name\":\"Productos Pepito\",\"url\":\"https:\/\/productospepito.es\/\",\"logo\":{\"@type\":\"ImageObject\",\"inLanguage\":\"en-GB\",\"@id\":\"https:\/\/productospepito.es\/#\/schema\/logo\/image\/\",\"url\":\"https:\/\/productospepito.es\/wp-content\/uploads\/2021\/07\/cropped-logo-productos-Pepito-magdalenas.png\",\"contentUrl\":\"https:\/\/productospepito.es\/wp-content\/uploads\/2021\/07\/cropped-logo-productos-Pepito-magdalenas.png\",\"width\":164,\"height\":110,\"caption\":\"Productos Pepito\"},\"image\":{\"@id\":\"https:\/\/productospepito.es\/#\/schema\/logo\/image\/\"}}]}<\/script>\n<!-- \/ Yoast SEO plugin. -->","yoast_head_json":{"title":"Magdalenas \u201cMojic\u00f3n\u201d Pepito - Productos Pepito","robots":{"index":"index","follow":"follow","max-snippet":"max-snippet:-1","max-image-preview":"max-image-preview:large","max-video-preview":"max-video-preview:-1"},"canonical":"https:\/\/productospepito.es\/en\/product\/magdalenas-mojicon-pepito\/","og_locale":"en_GB","og_type":"article","og_title":"Magdalenas \u201cMojic\u00f3n\u201d Pepito - Productos Pepito","og_description":"Productos Pepito Magdalenas \u201cMojic\u00f3n\u201d Pepito Anterior Siguiente Pack 40 unidades Magdalenas \u201cMojic\u00f3n\u201d Pepito Caja de 40 unidades de Magdalenas Mojic\u00f3n envasadas individualmente. \u00a0 Peso neto: 2500g A\u00f1adir al presupuesto Este producto ya est\u00e1 en tu lista de solicitudes de presupuesto. Explorar la lista M\u00e1s informaci\u00f3n","og_url":"https:\/\/productospepito.es\/en\/product\/magdalenas-mojicon-pepito\/","og_site_name":"Productos Pepito","article_modified_time":"2023-03-13T08:48:09+00:00","og_image":[{"width":1063,"height":1200,"url":"https:\/\/productospepito.es\/wp-content\/uploads\/2021\/09\/mojicon_40ud_2.png","type":"image\/png"}],"twitter_card":"summary_large_image","schema":{"@context":"https:\/\/schema.org","@graph":[{"@type":"WebPage","@id":"https:\/\/productospepito.es\/producto\/magdalenas-mojicon-pepito\/","url":"https:\/\/productospepito.es\/producto\/magdalenas-mojicon-pepito\/","name":"Magdalenas \u201cMojic\u00f3n\u201d Pepito - Productos Pepito","isPartOf":{"@id":"https:\/\/productospepito.es\/#website"},"primaryImageOfPage":{"@id":"https:\/\/productospepito.es\/producto\/magdalenas-mojicon-pepito\/#primaryimage"},"image":{"@id":"https:\/\/productospepito.es\/producto\/magdalenas-mojicon-pepito\/#primaryimage"},"thumbnailUrl":"https:\/\/productospepito.es\/wp-content\/uploads\/2021\/09\/mojicon_40ud_2.png","datePublished":"2021-09-17T07:47:23+00:00","dateModified":"2023-03-13T08:48:09+00:00","breadcrumb":{"@id":"https:\/\/productospepito.es\/producto\/magdalenas-mojicon-pepito\/#breadcrumb"},"inLanguage":"en-GB","potentialAction":[{"@type":"ReadAction","target":["https:\/\/productospepito.es\/producto\/magdalenas-mojicon-pepito\/"]}]},{"@type":"ImageObject","inLanguage":"en-GB","@id":"https:\/\/productospepito.es\/producto\/magdalenas-mojicon-pepito\/#primaryimage","url":"https:\/\/productospepito.es\/wp-content\/uploads\/2021\/09\/mojicon_40ud_2.png","contentUrl":"https:\/\/productospepito.es\/wp-content\/uploads\/2021\/09\/mojicon_40ud_2.png","width":1063,"height":1200},{"@type":"BreadcrumbList","@id":"https:\/\/productospepito.es\/producto\/magdalenas-mojicon-pepito\/#breadcrumb","itemListElement":[{"@type":"ListItem","position":1,"name":"Portada","item":"https:\/\/productospepito.es\/"},{"@type":"ListItem","position":2,"name":"Products","item":"https:\/\/productospepito.es\/en\/shop\/"},{"@type":"ListItem","position":3,"name":"Magdalenas \u201cMojic\u00f3n\u201d Pepito"}]},{"@type":"WebSite","@id":"https:\/\/productospepito.es\/#website","url":"https:\/\/productospepito.es\/","name":"Pepito Products,","description":"Fabricantes de Magdalenas desde 1973","publisher":{"@id":"https:\/\/productospepito.es\/#organization"},"potentialAction":[{"@type":"SearchAction","target":{"@type":"EntryPoint","urlTemplate":"https:\/\/productospepito.es\/?s={search_term_string}"},"query-input":{"@type":"PropertyValueSpecification","valueRequired":true,"valueName":"search_term_string"}}],"inLanguage":"en-GB"},{"@type":"Organization","@id":"https:\/\/productospepito.es\/#organization","name":"Pepito Products,","url":"https:\/\/productospepito.es\/","logo":{"@type":"ImageObject","inLanguage":"en-GB","@id":"https:\/\/productospepito.es\/#\/schema\/logo\/image\/","url":"https:\/\/productospepito.es\/wp-content\/uploads\/2021\/07\/cropped-logo-productos-Pepito-magdalenas.png","contentUrl":"https:\/\/productospepito.es\/wp-content\/uploads\/2021\/07\/cropped-logo-productos-Pepito-magdalenas.png","width":164,"height":110,"caption":"Productos Pepito"},"image":{"@id":"https:\/\/productospepito.es\/#\/schema\/logo\/image\/"}}]}},"_links":{"self":[{"href":"https:\/\/productospepito.es\/en\/wp-json\/wp\/v2\/product\/2147","targetHints":{"allow":["GET"]}}],"collection":[{"href":"https:\/\/productospepito.es\/en\/wp-json\/wp\/v2\/product"}],"about":[{"href":"https:\/\/productospepito.es\/en\/wp-json\/wp\/v2\/types\/product"}],"replies":[{"embeddable":true,"href":"https:\/\/productospepito.es\/en\/wp-json\/wp\/v2\/comments?post=2147"}],"version-history":[{"count":34,"href":"https:\/\/productospepito.es\/en\/wp-json\/wp\/v2\/product\/2147\/revisions"}],"predecessor-version":[{"id":5598,"href":"https:\/\/productospepito.es\/en\/wp-json\/wp\/v2\/product\/2147\/revisions\/5598"}],"wp:featuredmedia":[{"embeddable":true,"href":"https:\/\/productospepito.es\/en\/wp-json\/wp\/v2\/media\/1389"}],"wp:attachment":[{"href":"https:\/\/productospepito.es\/en\/wp-json\/wp\/v2\/media?parent=2147"}],"wp:term":[{"taxonomy":"product_brand","embeddable":true,"href":"https:\/\/productospepito.es\/en\/wp-json\/wp\/v2\/product_brand?post=2147"},{"taxonomy":"product_cat","embeddable":true,"href":"https:\/\/productospepito.es\/en\/wp-json\/wp\/v2\/product_cat?post=2147"},{"taxonomy":"product_tag","embeddable":true,"href":"https:\/\/productospepito.es\/en\/wp-json\/wp\/v2\/product_tag?post=2147"}],"curies":[{"name":"wp","href":"https:\/\/api.w.org\/{rel}","templated":true}]}}