{"id":1247,"date":"2021-08-30T17:36:10","date_gmt":"2021-08-30T15:36:10","guid":{"rendered":"https:\/\/productospepito.es\/?page_id=1247"},"modified":"2021-09-22T07:49:47","modified_gmt":"2021-09-22T05:49:47","slug":"preferencias-de-cookies","status":"publish","type":"page","link":"https:\/\/productospepito.es\/en\/preferencias-de-cookies\/","title":{"rendered":"Preferencias de Cookies"},"content":{"rendered":"<div>\n      <div id=\"custom-cookies-eu-label\">\n\n        Utilizamos cookies propias y de terceros para facilitar su navegaci\u00f3n en la p\u00e1gina web, conocer c\u00f3mo interact\u00faas con nosotros y recopilar datos estad\u00edsticos.\r\n\r\nPor favor, lee nuestra <a href=\"https:\/\/productospepito.es\/en\/politica-de-cookies\/\">Cookies policy<\/a> para conocer con mayor detalle las cookies que usamos, su finalidad y como poder <a href=\"https:\/\/productospepito.es\/en\/preferencias-de-cookies\/\">configurarlas<\/a> o rechazarlas, si as\u00ed lo considera.\n          &nbsp;&nbsp;\n          \n      <\/div>\n\n      <div id=\"custom-cookies-eu-buttons\" class=\"cookies-eu-buttons\">\n        <button id=\"custom-cookies-eu-reject\" class=\"cookies-eu-reject\">Rechazar<\/button>\n        <button id=\"custom-cookies-eu-accept\" class=\"cookies-eu-accept\">ACEPTAR TODAS LAS COOKIES<\/button><\/div>\n      <\/div>\n\n<br\/>\n<p>\n\tPuedes cambiar tus preferencias de cookies en cualquier momento si vuelves a la p\u00e1gina de Personalizar cookies, a la que puedes acceder a trav\u00e9s del Aviso de cookies. \n<\/p>\n\n<h3>Cookies t\u00e9cnicas<\/h3>\n<p>\n\tSon aquellas que permiten a los usuarios registrados navegar a trav\u00e9s del sitio Web, del \u00e1rea restringida y a utilizar sus diferentes funciones, como por ejemplo, el sistema de comentarios o el buscador y no pueden ser desactivadas.\n<\/p>\n\n<div class=\"custom-cookies-option\">\n  <h3>Cookies de an\u00e1lisis o medici\u00f3n<\/h3>\n  <span>\n    <input type=\"radio\" name=\"cookies-analytics-option\" value=\"true\" class=\"custom-cookies-radio\" data-consent=\"ANLTCS\" id=\"custom-cookies-accept-analytics\" >\n    <label for=\"custom-cookies-accept-analytics\">Activar<\/label>\n    &nbsp;&nbsp;\n    <input type=\"radio\" name=\"cookies-analytics-option\" value=\"false\" class=\"custom-cookies-radio\" data-consent=\"ANLTCS\" id=\"custom-cookies-reject-analytics\" \n    checked>\n    <label for=\"custom-cookies-reject-analytics\">Desactivar<\/label>\n<\/span>\n<\/div>\n\n<p>\n\tSon aquellas que, bien tratadas por el sitio Web o por terceros, permiten cuantificar el n\u00famero de usuarios y as\u00ed realizar la medici\u00f3n y an\u00e1lisis estad\u00edstico de la utilizaci\u00f3n que hacen los usuarios del sitio Web. Para ello se analiza la navegaci\u00f3n que realizas en este sitio Web con el fin de mejorarlo.\n<\/p>\n\n<div class=\"custom-cookies-option\">\n  <h3>Cookies sociales<\/h3>\n  <span>\n    <input type=\"radio\" name=\"cookies-social-option\" value=\"true\" class=\"custom-cookies-radio\" data-consent=\"SCLS\" id=\"custom-cookies-accept-social\" \n    >\n    <label for=\"custom-cookies-accept-social\">Activar<\/label>\n    &nbsp;&nbsp;\n    <input type=\"radio\" name=\"cookies-social-option\" value=\"false\" class=\"custom-cookies-radio\" data-consent=\"SCLS\" id=\"custom-cookies-reject-social\" \n    checked>\n    <label for=\"custom-cookies-reject-social\">Desactivar<\/label>\n<\/span>\n<\/div>\n\n<p>\n  Son establecidas por las plataformas de redes sociales para permitir a los usuarios compartir contenido con sus amigos y redes.  \n<\/p>\n\n\t\t<div data-elementor-type=\"wp-page\" data-elementor-id=\"1247\" class=\"elementor elementor-1247\" data-elementor-settings=\"{&quot;element_pack_global_tooltip_width&quot;:{&quot;unit&quot;:&quot;px&quot;,&quot;size&quot;:&quot;&quot;,&quot;sizes&quot;:[]},&quot;element_pack_global_tooltip_width_tablet&quot;:{&quot;unit&quot;:&quot;px&quot;,&quot;size&quot;:&quot;&quot;,&quot;sizes&quot;:[]},&quot;element_pack_global_tooltip_width_mobile&quot;:{&quot;unit&quot;:&quot;px&quot;,&quot;size&quot;:&quot;&quot;,&quot;sizes&quot;:[]},&quot;element_pack_global_tooltip_padding&quot;:{&quot;unit&quot;:&quot;px&quot;,&quot;top&quot;:&quot;&quot;,&quot;right&quot;:&quot;&quot;,&quot;bottom&quot;:&quot;&quot;,&quot;left&quot;:&quot;&quot;,&quot;isLinked&quot;:true},&quot;element_pack_global_tooltip_padding_tablet&quot;:{&quot;unit&quot;:&quot;px&quot;,&quot;top&quot;:&quot;&quot;,&quot;right&quot;:&quot;&quot;,&quot;bottom&quot;:&quot;&quot;,&quot;left&quot;:&quot;&quot;,&quot;isLinked&quot;:true},&quot;element_pack_global_tooltip_padding_mobile&quot;:{&quot;unit&quot;:&quot;px&quot;,&quot;top&quot;:&quot;&quot;,&quot;right&quot;:&quot;&quot;,&quot;bottom&quot;:&quot;&quot;,&quot;left&quot;:&quot;&quot;,&quot;isLinked&quot;:true},&quot;element_pack_global_tooltip_border_radius&quot;:{&quot;unit&quot;:&quot;px&quot;,&quot;top&quot;:&quot;&quot;,&quot;right&quot;:&quot;&quot;,&quot;bottom&quot;:&quot;&quot;,&quot;left&quot;:&quot;&quot;,&quot;isLinked&quot;:true},&quot;element_pack_global_tooltip_border_radius_tablet&quot;:{&quot;unit&quot;:&quot;px&quot;,&quot;top&quot;:&quot;&quot;,&quot;right&quot;:&quot;&quot;,&quot;bottom&quot;:&quot;&quot;,&quot;left&quot;:&quot;&quot;,&quot;isLinked&quot;:true},&quot;element_pack_global_tooltip_border_radius_mobile&quot;:{&quot;unit&quot;:&quot;px&quot;,&quot;top&quot;:&quot;&quot;,&quot;right&quot;:&quot;&quot;,&quot;bottom&quot;:&quot;&quot;,&quot;left&quot;:&quot;&quot;,&quot;isLinked&quot;:true}}\" data-elementor-post-type=\"page\">\n\t\t\t\t\t\t<section class=\"elementor-section elementor-top-section elementor-element elementor-element-461ad20 elementor-section-boxed elementor-section-height-default elementor-section-height-default\" data-id=\"461ad20\" data-element_type=\"section\">\n\t\t\t\t\t\t<div class=\"elementor-container elementor-column-gap-default\">\n\t\t\t\t\t<div class=\"elementor-column elementor-col-100 elementor-top-column elementor-element elementor-element-79b34f6\" data-id=\"79b34f6\" data-element_type=\"column\">\n\t\t\t<div class=\"elementor-widget-wrap\">\n\t\t\t\t\t\t\t<\/div>\n\t\t<\/div>\n\t\t\t\t\t<\/div>\n\t\t<\/section>\n\t\t\t\t<\/div>","protected":false},"excerpt":{"rendered":"<p>Utilizamos cookies propias y de terceros para facilitar su navegaci\u00f3n en la p\u00e1gina web, conocer c\u00f3mo interact\u00faas con nosotros y recopilar datos estad\u00edsticos. Por favor, lee nuestra Pol\u00edtica de Cookies para conocer con mayor detalle las cookies que usamos, su finalidad y como poder configurarlas o rechazarlas, si as\u00ed lo considera. &nbsp;&nbsp; Rechazar ACEPTAR TODAS&hellip; <a class=\"more-link\" href=\"https:\/\/productospepito.es\/en\/preferencias-de-cookies\/\">Continue reading <span class=\"screen-reader-text\">Preferencias de Cookies<\/span><\/a><\/p>","protected":false},"author":1,"featured_media":0,"parent":0,"menu_order":0,"comment_status":"closed","ping_status":"closed","template":"elementor_header_footer","meta":{"footnotes":""},"class_list":["post-1247","page","type-page","status-publish","hentry","entry"],"yoast_head":"<!-- This site is optimized with the Yoast SEO plugin v26.3 - https:\/\/yoast.com\/wordpress\/plugins\/seo\/ -->\n<title>Preferencias de Cookies - Productos Pepito<\/title>\n<meta name=\"robots\" content=\"index, follow, max-snippet:-1, max-image-preview:large, max-video-preview:-1\" \/>\n<link rel=\"canonical\" href=\"https:\/\/productospepito.es\/en\/preferencias-de-cookies\/\" \/>\n<meta property=\"og:locale\" content=\"en_GB\" \/>\n<meta property=\"og:type\" content=\"article\" \/>\n<meta property=\"og:title\" content=\"Preferencias de Cookies - Productos Pepito\" \/>\n<meta property=\"og:description\" content=\"Utilizamos cookies propias y de terceros para facilitar su navegaci\u00f3n en la p\u00e1gina web, conocer c\u00f3mo interact\u00faas con nosotros y recopilar datos estad\u00edsticos. Por favor, lee nuestra Pol\u00edtica de Cookies para conocer con mayor detalle las cookies que usamos, su finalidad y como poder configurarlas o rechazarlas, si as\u00ed lo considera. &nbsp;&nbsp; Rechazar ACEPTAR TODAS&hellip; Continue reading Preferencias de Cookies\" \/>\n<meta property=\"og:url\" content=\"https:\/\/productospepito.es\/en\/preferencias-de-cookies\/\" \/>\n<meta property=\"og:site_name\" content=\"Productos Pepito\" \/>\n<meta property=\"article:modified_time\" content=\"2021-09-22T05:49:47+00:00\" \/>\n<meta name=\"twitter:card\" content=\"summary_large_image\" \/>\n<script type=\"application\/ld+json\" class=\"yoast-schema-graph\">{\"@context\":\"https:\/\/schema.org\",\"@graph\":[{\"@type\":\"WebPage\",\"@id\":\"https:\/\/productospepito.es\/preferencias-de-cookies\/\",\"url\":\"https:\/\/productospepito.es\/preferencias-de-cookies\/\",\"name\":\"Preferencias de Cookies - Productos Pepito\",\"isPartOf\":{\"@id\":\"https:\/\/productospepito.es\/#website\"},\"datePublished\":\"2021-08-30T15:36:10+00:00\",\"dateModified\":\"2021-09-22T05:49:47+00:00\",\"breadcrumb\":{\"@id\":\"https:\/\/productospepito.es\/preferencias-de-cookies\/#breadcrumb\"},\"inLanguage\":\"en-GB\",\"potentialAction\":[{\"@type\":\"ReadAction\",\"target\":[\"https:\/\/productospepito.es\/preferencias-de-cookies\/\"]}]},{\"@type\":\"BreadcrumbList\",\"@id\":\"https:\/\/productospepito.es\/preferencias-de-cookies\/#breadcrumb\",\"itemListElement\":[{\"@type\":\"ListItem\",\"position\":1,\"name\":\"Portada\",\"item\":\"https:\/\/productospepito.es\/\"},{\"@type\":\"ListItem\",\"position\":2,\"name\":\"Preferencias de Cookies\"}]},{\"@type\":\"WebSite\",\"@id\":\"https:\/\/productospepito.es\/#website\",\"url\":\"https:\/\/productospepito.es\/\",\"name\":\"Productos Pepito\",\"description\":\"Fabricantes de Magdalenas desde 1973\",\"publisher\":{\"@id\":\"https:\/\/productospepito.es\/#organization\"},\"potentialAction\":[{\"@type\":\"SearchAction\",\"target\":{\"@type\":\"EntryPoint\",\"urlTemplate\":\"https:\/\/productospepito.es\/?s={search_term_string}\"},\"query-input\":{\"@type\":\"PropertyValueSpecification\",\"valueRequired\":true,\"valueName\":\"search_term_string\"}}],\"inLanguage\":\"en-GB\"},{\"@type\":\"Organization\",\"@id\":\"https:\/\/productospepito.es\/#organization\",\"name\":\"Productos Pepito\",\"url\":\"https:\/\/productospepito.es\/\",\"logo\":{\"@type\":\"ImageObject\",\"inLanguage\":\"en-GB\",\"@id\":\"https:\/\/productospepito.es\/#\/schema\/logo\/image\/\",\"url\":\"https:\/\/productospepito.es\/wp-content\/uploads\/2021\/07\/cropped-logo-productos-Pepito-magdalenas.png\",\"contentUrl\":\"https:\/\/productospepito.es\/wp-content\/uploads\/2021\/07\/cropped-logo-productos-Pepito-magdalenas.png\",\"width\":164,\"height\":110,\"caption\":\"Productos Pepito\"},\"image\":{\"@id\":\"https:\/\/productospepito.es\/#\/schema\/logo\/image\/\"}}]}<\/script>\n<!-- \/ Yoast SEO plugin. -->","yoast_head_json":{"title":"Preferencias de Cookies - Productos Pepito","robots":{"index":"index","follow":"follow","max-snippet":"max-snippet:-1","max-image-preview":"max-image-preview:large","max-video-preview":"max-video-preview:-1"},"canonical":"https:\/\/productospepito.es\/en\/preferencias-de-cookies\/","og_locale":"en_GB","og_type":"article","og_title":"Preferencias de Cookies - Productos Pepito","og_description":"Utilizamos cookies propias y de terceros para facilitar su navegaci\u00f3n en la p\u00e1gina web, conocer c\u00f3mo interact\u00faas con nosotros y recopilar datos estad\u00edsticos. Por favor, lee nuestra Pol\u00edtica de Cookies para conocer con mayor detalle las cookies que usamos, su finalidad y como poder configurarlas o rechazarlas, si as\u00ed lo considera. &nbsp;&nbsp; Rechazar ACEPTAR TODAS&hellip; Continue reading Preferencias de Cookies","og_url":"https:\/\/productospepito.es\/en\/preferencias-de-cookies\/","og_site_name":"Productos Pepito","article_modified_time":"2021-09-22T05:49:47+00:00","twitter_card":"summary_large_image","schema":{"@context":"https:\/\/schema.org","@graph":[{"@type":"WebPage","@id":"https:\/\/productospepito.es\/preferencias-de-cookies\/","url":"https:\/\/productospepito.es\/preferencias-de-cookies\/","name":"Preferencias de Cookies - Productos Pepito","isPartOf":{"@id":"https:\/\/productospepito.es\/#website"},"datePublished":"2021-08-30T15:36:10+00:00","dateModified":"2021-09-22T05:49:47+00:00","breadcrumb":{"@id":"https:\/\/productospepito.es\/preferencias-de-cookies\/#breadcrumb"},"inLanguage":"en-GB","potentialAction":[{"@type":"ReadAction","target":["https:\/\/productospepito.es\/preferencias-de-cookies\/"]}]},{"@type":"BreadcrumbList","@id":"https:\/\/productospepito.es\/preferencias-de-cookies\/#breadcrumb","itemListElement":[{"@type":"ListItem","position":1,"name":"Portada","item":"https:\/\/productospepito.es\/"},{"@type":"ListItem","position":2,"name":"Preferencias de Cookies"}]},{"@type":"WebSite","@id":"https:\/\/productospepito.es\/#website","url":"https:\/\/productospepito.es\/","name":"Pepito Products,","description":"Fabricantes de Magdalenas desde 1973","publisher":{"@id":"https:\/\/productospepito.es\/#organization"},"potentialAction":[{"@type":"SearchAction","target":{"@type":"EntryPoint","urlTemplate":"https:\/\/productospepito.es\/?s={search_term_string}"},"query-input":{"@type":"PropertyValueSpecification","valueRequired":true,"valueName":"search_term_string"}}],"inLanguage":"en-GB"},{"@type":"Organization","@id":"https:\/\/productospepito.es\/#organization","name":"Pepito Products,","url":"https:\/\/productospepito.es\/","logo":{"@type":"ImageObject","inLanguage":"en-GB","@id":"https:\/\/productospepito.es\/#\/schema\/logo\/image\/","url":"https:\/\/productospepito.es\/wp-content\/uploads\/2021\/07\/cropped-logo-productos-Pepito-magdalenas.png","contentUrl":"https:\/\/productospepito.es\/wp-content\/uploads\/2021\/07\/cropped-logo-productos-Pepito-magdalenas.png","width":164,"height":110,"caption":"Productos Pepito"},"image":{"@id":"https:\/\/productospepito.es\/#\/schema\/logo\/image\/"}}]}},"_links":{"self":[{"href":"https:\/\/productospepito.es\/en\/wp-json\/wp\/v2\/pages\/1247","targetHints":{"allow":["GET"]}}],"collection":[{"href":"https:\/\/productospepito.es\/en\/wp-json\/wp\/v2\/pages"}],"about":[{"href":"https:\/\/productospepito.es\/en\/wp-json\/wp\/v2\/types\/page"}],"author":[{"embeddable":true,"href":"https:\/\/productospepito.es\/en\/wp-json\/wp\/v2\/users\/1"}],"replies":[{"embeddable":true,"href":"https:\/\/productospepito.es\/en\/wp-json\/wp\/v2\/comments?post=1247"}],"version-history":[{"count":7,"href":"https:\/\/productospepito.es\/en\/wp-json\/wp\/v2\/pages\/1247\/revisions"}],"predecessor-version":[{"id":2646,"href":"https:\/\/productospepito.es\/en\/wp-json\/wp\/v2\/pages\/1247\/revisions\/2646"}],"wp:attachment":[{"href":"https:\/\/productospepito.es\/en\/wp-json\/wp\/v2\/media?parent=1247"}],"curies":[{"name":"wp","href":"https:\/\/api.w.org\/{rel}","templated":true}]}}