{"id":1244,"date":"2021-08-30T17:35:01","date_gmt":"2021-08-30T15:35:01","guid":{"rendered":"https:\/\/productospepito.es\/?page_id=1244"},"modified":"2022-06-16T09:07:40","modified_gmt":"2022-06-16T07:07:40","slug":"politica-de-cookies","status":"publish","type":"page","link":"https:\/\/productospepito.es\/en\/politica-de-cookies\/","title":{"rendered":"Cookies policy"},"content":{"rendered":"<div data-elementor-type=\"wp-page\" data-elementor-id=\"1244\" class=\"elementor elementor-1244\" data-elementor-settings=\"{&quot;element_pack_global_tooltip_width&quot;:{&quot;unit&quot;:&quot;px&quot;,&quot;size&quot;:&quot;&quot;,&quot;sizes&quot;:[]},&quot;element_pack_global_tooltip_width_tablet&quot;:{&quot;unit&quot;:&quot;px&quot;,&quot;size&quot;:&quot;&quot;,&quot;sizes&quot;:[]},&quot;element_pack_global_tooltip_width_mobile&quot;:{&quot;unit&quot;:&quot;px&quot;,&quot;size&quot;:&quot;&quot;,&quot;sizes&quot;:[]},&quot;element_pack_global_tooltip_padding&quot;:{&quot;unit&quot;:&quot;px&quot;,&quot;top&quot;:&quot;&quot;,&quot;right&quot;:&quot;&quot;,&quot;bottom&quot;:&quot;&quot;,&quot;left&quot;:&quot;&quot;,&quot;isLinked&quot;:true},&quot;element_pack_global_tooltip_padding_tablet&quot;:{&quot;unit&quot;:&quot;px&quot;,&quot;top&quot;:&quot;&quot;,&quot;right&quot;:&quot;&quot;,&quot;bottom&quot;:&quot;&quot;,&quot;left&quot;:&quot;&quot;,&quot;isLinked&quot;:true},&quot;element_pack_global_tooltip_padding_mobile&quot;:{&quot;unit&quot;:&quot;px&quot;,&quot;top&quot;:&quot;&quot;,&quot;right&quot;:&quot;&quot;,&quot;bottom&quot;:&quot;&quot;,&quot;left&quot;:&quot;&quot;,&quot;isLinked&quot;:true},&quot;element_pack_global_tooltip_border_radius&quot;:{&quot;unit&quot;:&quot;px&quot;,&quot;top&quot;:&quot;&quot;,&quot;right&quot;:&quot;&quot;,&quot;bottom&quot;:&quot;&quot;,&quot;left&quot;:&quot;&quot;,&quot;isLinked&quot;:true},&quot;element_pack_global_tooltip_border_radius_tablet&quot;:{&quot;unit&quot;:&quot;px&quot;,&quot;top&quot;:&quot;&quot;,&quot;right&quot;:&quot;&quot;,&quot;bottom&quot;:&quot;&quot;,&quot;left&quot;:&quot;&quot;,&quot;isLinked&quot;:true},&quot;element_pack_global_tooltip_border_radius_mobile&quot;:{&quot;unit&quot;:&quot;px&quot;,&quot;top&quot;:&quot;&quot;,&quot;right&quot;:&quot;&quot;,&quot;bottom&quot;:&quot;&quot;,&quot;left&quot;:&quot;&quot;,&quot;isLinked&quot;:true}}\" data-elementor-post-type=\"page\">\n\t\t\t\t\t\t<section class=\"elementor-section elementor-top-section elementor-element elementor-element-eda0413 elementor-section-full_width elementor-section-height-min-height elementor-section-height-default elementor-section-items-middle\" data-id=\"eda0413\" data-element_type=\"section\" data-settings=\"{&quot;shape_divider_bottom&quot;:&quot;mountains&quot;}\">\n\t\t\t\t\t\t\t<div class=\"elementor-background-overlay\"><\/div>\n\t\t\t\t\t\t<div class=\"elementor-shape elementor-shape-bottom\" aria-hidden=\"true\" data-negative=\"false\">\n\t\t\t<svg xmlns=\"http:\/\/www.w3.org\/2000\/svg\" viewbox=\"0 0 1000 100\" preserveaspectratio=\"none\">\n\t<path class=\"elementor-shape-fill\" opacity=\"0.33\" d=\"M473,67.3c-203.9,88.3-263.1-34-320.3,0C66,119.1,0,59.7,0,59.7V0h1000v59.7 c0,0-62.1,26.1-94.9,29.3c-32.8,3.3-62.8-12.3-75.8-22.1C806,49.6,745.3,8.7,694.9,4.7S492.4,59,473,67.3z\"\/>\n\t<path class=\"elementor-shape-fill\" opacity=\"0.66\" d=\"M734,67.3c-45.5,0-77.2-23.2-129.1-39.1c-28.6-8.7-150.3-10.1-254,39.1 s-91.7-34.4-149.2,0C115.7,118.3,0,39.8,0,39.8V0h1000v36.5c0,0-28.2-18.5-92.1-18.5C810.2,18.1,775.7,67.3,734,67.3z\"\/>\n\t<path class=\"elementor-shape-fill\" d=\"M766.1,28.9c-200-57.5-266,65.5-395.1,19.5C242,1.8,242,5.4,184.8,20.6C128,35.8,132.3,44.9,89.9,52.5C28.6,63.7,0,0,0,0 h1000c0,0-9.9,40.9-83.6,48.1S829.6,47,766.1,28.9z\"\/>\n<\/svg>\t\t<\/div>\n\t\t\t\t\t<div class=\"elementor-container elementor-column-gap-default\">\n\t\t\t\t\t<div class=\"elementor-column elementor-col-100 elementor-top-column elementor-element elementor-element-052f6f7\" data-id=\"052f6f7\" data-element_type=\"column\">\n\t\t\t<div class=\"elementor-widget-wrap elementor-element-populated\">\n\t\t\t\t\t\t<div class=\"elementor-element elementor-element-42def75 elementor-widget elementor-widget-heading\" data-id=\"42def75\" data-element_type=\"widget\" data-widget_type=\"heading.default\">\n\t\t\t\t<div class=\"elementor-widget-container\">\n\t\t\t\t\t<h2 class=\"elementor-heading-title elementor-size-default\">Cookies policy<\/h2>\t\t\t\t<\/div>\n\t\t\t\t<\/div>\n\t\t\t\t\t<\/div>\n\t\t<\/div>\n\t\t\t\t\t<\/div>\n\t\t<\/section>\n\t\t\t\t<section class=\"elementor-section elementor-top-section elementor-element elementor-element-2d9cb7df elementor-section-boxed elementor-section-height-default elementor-section-height-default\" data-id=\"2d9cb7df\" data-element_type=\"section\">\n\t\t\t\t\t\t<div class=\"elementor-container elementor-column-gap-default\">\n\t\t\t\t\t<div class=\"elementor-column elementor-col-100 elementor-top-column elementor-element elementor-element-49de93ca\" data-id=\"49de93ca\" data-element_type=\"column\">\n\t\t\t<div class=\"elementor-widget-wrap elementor-element-populated\">\n\t\t\t\t\t\t<div class=\"elementor-element elementor-element-1ec20dd elementor-widget elementor-widget-text-editor\" data-id=\"1ec20dd\" data-element_type=\"widget\" data-widget_type=\"text-editor.default\">\n\t\t\t\t<div class=\"elementor-widget-container\">\n\t\t\t\t\t\t\t\t\t<h4><b>DEFINICI\u00d3N y funci\u00f3n gen\u00e9rica de las COOKIES<\/b><\/h4>\n<p>\u00a0<\/p>\n<p><span style=\"font-weight: 400;\">Las cookies son identificadores que enviamos al disco duro de su ordenador a trav\u00e9s de su navegador Web con el fin de que nuestros sistemas puedan reconocer su navegador y ofrecerle ciertos servicios.<\/span><\/p>\n<p>\u00a0<\/p>\n<p><span style=\"font-weight: 400;\">En general, estas tecnolog\u00edas pueden servir para finalidades muy diferentes, por ejemplo, reconocerte como usuario, obtener informaci\u00f3n sobre tus h\u00e1bitos de navegaci\u00f3n, o personalizar la forma en que se muestra el contenido.<\/span><\/p>\n<p>\u00a0<\/p>\n<p><span style=\"font-weight: 400;\">Esta p\u00e1gina utiliza tipos diferentes de cookies. Algunas cookies son colocadas por servicios de terceros que aparecen en nuestras p\u00e1ginas. En algunos casos, al utilizar un motor de b\u00fasqueda Google, es posible que haya aceptado sus propias cookies. Estas cookies de Google son instaladas aun cuando usted no haya aceptado nuestras cookies propias y\/o de terceros.<\/span><\/p>\n<p>\u00a0<\/p>\n<p><span style=\"font-weight: 400;\">A continuaci\u00f3n, indicamos las cookies que utiliza la p\u00e1gina\u00a0<\/span><\/p>\n<p>\u00a0<\/p>\n<p><b>COOKIES UTILIZADAS\u00a0<\/b><\/p>\n<p>\u00a0<\/p>\n<p><b>Cookies necesarias<\/b><\/p>\n<p><span style=\"font-weight: 400;\">Las cookies necesarias ayudan a hacer una p\u00e1gina web utilizable activando funciones b\u00e1sicas como la navegaci\u00f3n en la p\u00e1gina y el acceso a \u00e1reas seguras de la p\u00e1gina web. La p\u00e1gina web no puede funcionar adecuadamente sin estas cookies.<\/span><\/p>\n<p>\u00a0<\/p>\n<table>\n<tbody>\n<tr>\n<td>\n<p><span style=\"font-weight: 400;\">Name<\/span><\/p>\n<\/td>\n<td>\n<p><span style=\"font-weight: 400;\">Proveedor<\/span><\/p>\n<\/td>\n<td>\n<p><span style=\"font-weight: 400;\">Prop\u00f3sito<\/span><\/p>\n<\/td>\n<td>\n<p><span style=\"font-weight: 400;\">Caducidad<\/span><\/p>\n<\/td>\n<\/tr>\n<tr>\n<td>\n<p><span style=\"font-weight: 400;\">elementor<\/span><\/p>\n<\/td>\n<td>\n<p><span style=\"font-weight: 400;\">Propia<\/span><\/p>\n<\/td>\n<td>\n<p><span style=\"font-weight: 400;\">Se utiliza en relaci\u00f3n al tema de WordPress de la web. Permite al propietario de la web cambiar o implementar el contenido de la web en tiempo real<\/span><\/p>\n<\/td>\n<td>\n<p><span style=\"font-weight: 400;\">Persistente<\/span><\/p>\n<\/td>\n<\/tr>\n<tr>\n<td>\n<p><span style=\"font-weight: 400;\">JSESSIONID<\/span><\/p>\n<\/td>\n<td>\n<p><span style=\"font-weight: 400;\">nr-data.net<\/span><\/p>\n<\/td>\n<td>\n<p><span style=\"font-weight: 400;\">Conserva los estados de los usuarios en todas las peticiones de la p\u00e1gina.<\/span><\/p>\n<\/td>\n<td>\n<p><span style=\"font-weight: 400;\">Sesi\u00f3n<\/span><\/p>\n<\/td>\n<\/tr>\n<tr>\n<td>\n<p><span style=\"font-weight: 400;\">wc_cart_hash_#<\/span><\/p>\n<\/td>\n<td>\n<p><span style=\"font-weight: 400;\">Propia<\/span><\/p>\n<\/td>\n<td>\n<p><span style=\"font-weight: 400;\">Utilizada para almacenar objetos en el carrito de la compra.<\/span><\/p>\n<\/td>\n<td>\n<p><span style=\"font-weight: 400;\">Persistente<\/span><\/p>\n<\/td>\n<\/tr>\n<tr>\n<td>\n<p><span style=\"font-weight: 400;\">wc_fragments_#<\/span><\/p>\n<\/td>\n<td>\n<p><span style=\"font-weight: 400;\">Propia<\/span><\/p>\n<\/td>\n<td>\u00a0<\/td>\n<td>\n<p><span style=\"font-weight: 400;\">Sesi\u00f3n<\/span><\/p>\n<\/td>\n<\/tr>\n<\/tbody>\n<\/table>\n<p>\u00a0<\/p>\n<p><b>Cookies de preferencias<\/b><\/p>\n<p><span style=\"font-weight: 400;\">Las cookies de preferencias permiten a la p\u00e1gina web recordar informaci\u00f3n que cambia la forma en que la p\u00e1gina se comporta o el aspecto que tiene, como su idioma preferido o la regi\u00f3n en la que usted se encuentra.<\/span><\/p>\n<p>\u00a0<\/p>\n<p><b>Cookies de estad\u00edsticas<\/b><\/p>\n<p><span style=\"font-weight: 400;\">Las cookies estad\u00edsticas ayudan a los propietarios de p\u00e1ginas web a comprender c\u00f3mo interact\u00faan los visitantes con las p\u00e1ginas web reuniendo y proporcionando informaci\u00f3n de forma an\u00f3nima.<\/span><\/p>\n<p><span style=\"font-weight: 400;\">Para deshabilitar las cookies de Google Analytics, puede instalar el Complemento inhabilitaci\u00f3n para navegadores de Google Analytics que le permitir\u00e1 no mandar informaci\u00f3n estad\u00edstica. Lo tiene disponible en el siguiente enlace: <\/span><a href=\"https:\/\/tools.google.com\/dlpage\/gaoptout?hl=es\"><span style=\"font-weight: 400;\">https:\/\/tools.google.com\/dlpage\/gaoptout?hl=es<\/span><\/a><span style=\"font-weight: 400;\">\u00a0<\/span><\/p>\n<p>\u00a0<\/p>\n<table>\n<tbody>\n<tr>\n<td>\n<p><span style=\"font-weight: 400;\">Name<\/span><\/p>\n<\/td>\n<td>\n<p><span style=\"font-weight: 400;\">Proveedor<\/span><\/p>\n<\/td>\n<td>\n<p><span style=\"font-weight: 400;\">Prop\u00f3sito<\/span><\/p>\n<\/td>\n<td>\n<p><span style=\"font-weight: 400;\">Caducidad<\/span><\/p>\n<\/td>\n<\/tr>\n<tr>\n<td>\n<p><span style=\"font-weight: 400;\">_ga<\/span><\/p>\n<\/td>\n<td>\n<p><span style=\"font-weight: 400;\">Google Analytics<\/span><\/p>\n<\/td>\n<td>\n<p><span style=\"font-weight: 400;\">Registra una identificaci\u00f3n \u00fanica que se utiliza para generar datos estad\u00edsticos acerca de c\u00f3mo utiliza el visitante el sitio web<\/span><\/p>\n<\/td>\n<td>\n<p><span style=\"font-weight: 400;\">2 a\u00f1os<\/span><\/p>\n<\/td>\n<\/tr>\n<tr>\n<td>\n<p><span style=\"font-weight: 400;\">_gid<\/span><\/p>\n<\/td>\n<td>\n<p><span style=\"font-weight: 400;\">Google Analytics<\/span><\/p>\n<\/td>\n<td>\n<p><span style=\"font-weight: 400;\">Registra una identificaci\u00f3n \u00fanica que se utiliza para generar datos estad\u00edsticos acerca de c\u00f3mo utiliza el visitante el sitio web.<\/span><\/p>\n<\/td>\n<td>\n<p><span style=\"font-weight: 400;\">1 d\u00eda<\/span><\/p>\n<\/td>\n<\/tr>\n<tr>\n<td>\n<p><span style=\"font-weight: 400;\">_gat<\/span><\/p>\n<\/td>\n<td>\n<p><span style=\"font-weight: 400;\">Google Analytics<\/span><\/p>\n<\/td>\n<td>\n<p><span style=\"font-weight: 400;\">Se usa para limitar el porcentaje de solicitudes<\/span><\/p>\n<\/td>\n<td>\n<p><span style=\"font-weight: 400;\">1 d\u00eda<\/span><\/p>\n<\/td>\n<\/tr>\n<\/tbody>\n<\/table>\n<p>\u00a0<\/p>\n<p><b>Cookies de Marketing<\/b><\/p>\n<p><span style=\"font-weight: 400;\">Las cookies de marketing se utilizan para rastrear a los visitantes en las p\u00e1ginas web. La intenci\u00f3n es mostrar anuncios relevantes y atractivos para el usuario individual, y por lo tanto, m\u00e1s valiosos para los editores y terceros anunciantes.<\/span><\/p>\n<p>\u00a0<\/p>\n<p><b>C\u00f3mo habilitar\/deshabilitar las Cookies en los principales navegadores:<\/b><\/p>\n<p><span style=\"font-weight: 400;\">Normalmente es posible dejar de aceptar las Cookies del navegador, o dejar de aceptar las Cookies de un Servicio en particular.\u00a0<\/span><\/p>\n<p>\u00a0<\/p>\n<p><span style=\"font-weight: 400;\">Todos los navegadores modernos permiten cambiar la configuraci\u00f3n de Cookies. Estos ajustes normalmente se encuentran en las \u2018opciones\u2019 o \u2018Preferencias\u2019 del men\u00fa de su navegador. Asimismo, puede configurar su navegador o su gestor de correo electr\u00f3nico.<\/span><\/p>\n<p>\u00a0<\/p>\n<p><span style=\"font-weight: 400;\">A continuaci\u00f3n, se ofrece orientaci\u00f3n al Usuario sobre los pasos para acceder al men\u00fa de configuraci\u00f3n de las cookies y, en su caso, de la navegaci\u00f3n privada en cada uno de los navegadores principales:<\/span><\/p>\n<p>\u00a0<\/p>\n<p><b>Internet Explorer:<\/b><span style=\"font-weight: 400;\"> Herramientas -&gt; Opciones de Internet\u00a0-&gt; Privacidad\u00a0-&gt; Configuraci\u00f3n. Para m\u00e1s informaci\u00f3n, puede consultar el <\/span><a href=\"http:\/\/windows.microsoft.com\/es-ES\/windows\/support\"><span style=\"font-weight: 400;\">soporte de Microsoft<\/span><\/a><span style=\"font-weight: 400;\"> o la Ayuda del navegador.<\/span><\/p>\n<p>\u00a0<\/p>\n<p><b>Firefox:<\/b><span style=\"font-weight: 400;\"> Herramientas\u00a0-&gt; Opciones\u00a0-&gt; Privacidad\u00a0-&gt; Historial\u00a0-&gt; Configuraci\u00f3n Personalizada. Para m\u00e1s informaci\u00f3n, puede consultar el <\/span><a href=\"http:\/\/support.mozilla.org\/es\/home\"><span style=\"font-weight: 400;\">soporte de Mozilla<\/span><\/a><span style=\"font-weight: 400;\"> o la Ayuda del navegador.<\/span><\/p>\n<p>\u00a0<\/p>\n<p><b>Chrome:<\/b><span style=\"font-weight: 400;\"> Configuraci\u00f3n\u00a0-&gt; Mostrar opciones avanzadas\u00a0-&gt; Privacidad\u00a0-&gt; Configuraci\u00f3n de contenido. Para m\u00e1s informaci\u00f3n, puede consultar el <\/span><a href=\"http:\/\/support.google.com\/chrome\/?hl=es\"><span style=\"font-weight: 400;\">soporte de Google<\/span><\/a><span style=\"font-weight: 400;\"> o la Ayuda del navegador.<\/span><\/p>\n<p>\u00a0<\/p>\n<p><b>Safari:<\/b><span style=\"font-weight: 400;\"> Preferencias\u00a0-&gt; Seguridad. Para m\u00e1s informaci\u00f3n, puede consultar el <\/span><a href=\"http:\/\/www.apple.com\/es\/support\/safari\/\"><span style=\"font-weight: 400;\">soporte de Apple<\/span><\/a><span style=\"font-weight: 400;\"> o la Ayuda del navegador.<\/span><\/p>\n<p>\u00a0<\/p>\n<p><b>\u00bfQu\u00e9 ocurre si se deshabilitan las Cookies?<\/b><\/p>\n<p><span style=\"font-weight: 400;\">Algunas funcionalidades de los Servicios quedar\u00e1n deshabilitados como, por ejemplo, permanecer\u00a0identificado, mantener las compras en el \u201ccarrito de la compra\u201d, etc.<\/span><\/p>\t\t\t\t\t\t\t\t<\/div>\n\t\t\t\t<\/div>\n\t\t\t\t\t<\/div>\n\t\t<\/div>\n\t\t\t\t\t<\/div>\n\t\t<\/section>\n\t\t\t\t<\/div>","protected":false},"excerpt":{"rendered":"<p>Pol\u00edtica de Cookies DEFINICI\u00d3N y funci\u00f3n gen\u00e9rica de las COOKIES \u00a0 Las cookies son identificadores que enviamos al disco duro de su ordenador a trav\u00e9s de su navegador Web con el fin de que nuestros sistemas puedan reconocer su navegador y ofrecerle ciertos servicios. \u00a0 En general, estas tecnolog\u00edas pueden servir para finalidades muy diferentes,&hellip; <a class=\"more-link\" href=\"https:\/\/productospepito.es\/en\/politica-de-cookies\/\">Continue reading <span class=\"screen-reader-text\">Cookies policy<\/span><\/a><\/p>","protected":false},"author":1,"featured_media":0,"parent":0,"menu_order":0,"comment_status":"closed","ping_status":"closed","template":"elementor_header_footer","meta":{"footnotes":""},"class_list":["post-1244","page","type-page","status-publish","hentry","entry"],"yoast_head":"<!-- This site is optimized with the Yoast SEO plugin v26.3 - https:\/\/yoast.com\/wordpress\/plugins\/seo\/ -->\n<title>Pol\u00edtica de Cookies - Productos Pepito<\/title>\n<meta name=\"robots\" content=\"index, follow, max-snippet:-1, max-image-preview:large, max-video-preview:-1\" \/>\n<link rel=\"canonical\" href=\"https:\/\/productospepito.es\/en\/politica-de-cookies\/\" \/>\n<meta property=\"og:locale\" content=\"en_GB\" \/>\n<meta property=\"og:type\" content=\"article\" \/>\n<meta property=\"og:title\" content=\"Pol\u00edtica de Cookies - Productos Pepito\" \/>\n<meta property=\"og:description\" content=\"Pol\u00edtica de Cookies DEFINICI\u00d3N y funci\u00f3n gen\u00e9rica de las COOKIES \u00a0 Las cookies son identificadores que enviamos al disco duro de su ordenador a trav\u00e9s de su navegador Web con el fin de que nuestros sistemas puedan reconocer su navegador y ofrecerle ciertos servicios. \u00a0 En general, estas tecnolog\u00edas pueden servir para finalidades muy diferentes,&hellip; Continue reading Pol\u00edtica de Cookies\" \/>\n<meta property=\"og:url\" content=\"https:\/\/productospepito.es\/en\/politica-de-cookies\/\" \/>\n<meta property=\"og:site_name\" content=\"Productos Pepito\" \/>\n<meta property=\"article:modified_time\" content=\"2022-06-16T07:07:40+00:00\" \/>\n<meta name=\"twitter:card\" content=\"summary_large_image\" \/>\n<meta name=\"twitter:label1\" content=\"Estimated reading time\" \/>\n\t<meta name=\"twitter:data1\" content=\"4 minutes\" \/>\n<script type=\"application\/ld+json\" class=\"yoast-schema-graph\">{\"@context\":\"https:\/\/schema.org\",\"@graph\":[{\"@type\":\"WebPage\",\"@id\":\"https:\/\/productospepito.es\/politica-de-cookies\/\",\"url\":\"https:\/\/productospepito.es\/politica-de-cookies\/\",\"name\":\"Pol\u00edtica de Cookies - Productos Pepito\",\"isPartOf\":{\"@id\":\"https:\/\/productospepito.es\/#website\"},\"datePublished\":\"2021-08-30T15:35:01+00:00\",\"dateModified\":\"2022-06-16T07:07:40+00:00\",\"breadcrumb\":{\"@id\":\"https:\/\/productospepito.es\/politica-de-cookies\/#breadcrumb\"},\"inLanguage\":\"en-GB\",\"potentialAction\":[{\"@type\":\"ReadAction\",\"target\":[\"https:\/\/productospepito.es\/politica-de-cookies\/\"]}]},{\"@type\":\"BreadcrumbList\",\"@id\":\"https:\/\/productospepito.es\/politica-de-cookies\/#breadcrumb\",\"itemListElement\":[{\"@type\":\"ListItem\",\"position\":1,\"name\":\"Portada\",\"item\":\"https:\/\/productospepito.es\/\"},{\"@type\":\"ListItem\",\"position\":2,\"name\":\"Pol\u00edtica de Cookies\"}]},{\"@type\":\"WebSite\",\"@id\":\"https:\/\/productospepito.es\/#website\",\"url\":\"https:\/\/productospepito.es\/\",\"name\":\"Productos Pepito\",\"description\":\"Fabricantes de Magdalenas desde 1973\",\"publisher\":{\"@id\":\"https:\/\/productospepito.es\/#organization\"},\"potentialAction\":[{\"@type\":\"SearchAction\",\"target\":{\"@type\":\"EntryPoint\",\"urlTemplate\":\"https:\/\/productospepito.es\/?s={search_term_string}\"},\"query-input\":{\"@type\":\"PropertyValueSpecification\",\"valueRequired\":true,\"valueName\":\"search_term_string\"}}],\"inLanguage\":\"en-GB\"},{\"@type\":\"Organization\",\"@id\":\"https:\/\/productospepito.es\/#organization\",\"name\":\"Productos Pepito\",\"url\":\"https:\/\/productospepito.es\/\",\"logo\":{\"@type\":\"ImageObject\",\"inLanguage\":\"en-GB\",\"@id\":\"https:\/\/productospepito.es\/#\/schema\/logo\/image\/\",\"url\":\"https:\/\/productospepito.es\/wp-content\/uploads\/2021\/07\/cropped-logo-productos-Pepito-magdalenas.png\",\"contentUrl\":\"https:\/\/productospepito.es\/wp-content\/uploads\/2021\/07\/cropped-logo-productos-Pepito-magdalenas.png\",\"width\":164,\"height\":110,\"caption\":\"Productos Pepito\"},\"image\":{\"@id\":\"https:\/\/productospepito.es\/#\/schema\/logo\/image\/\"}}]}<\/script>\n<!-- \/ Yoast SEO plugin. -->","yoast_head_json":{"title":"Pol\u00edtica de Cookies - Productos Pepito","robots":{"index":"index","follow":"follow","max-snippet":"max-snippet:-1","max-image-preview":"max-image-preview:large","max-video-preview":"max-video-preview:-1"},"canonical":"https:\/\/productospepito.es\/en\/politica-de-cookies\/","og_locale":"en_GB","og_type":"article","og_title":"Pol\u00edtica de Cookies - Productos Pepito","og_description":"Pol\u00edtica de Cookies DEFINICI\u00d3N y funci\u00f3n gen\u00e9rica de las COOKIES \u00a0 Las cookies son identificadores que enviamos al disco duro de su ordenador a trav\u00e9s de su navegador Web con el fin de que nuestros sistemas puedan reconocer su navegador y ofrecerle ciertos servicios. \u00a0 En general, estas tecnolog\u00edas pueden servir para finalidades muy diferentes,&hellip; Continue reading Pol\u00edtica de Cookies","og_url":"https:\/\/productospepito.es\/en\/politica-de-cookies\/","og_site_name":"Productos Pepito","article_modified_time":"2022-06-16T07:07:40+00:00","twitter_card":"summary_large_image","twitter_misc":{"Estimated reading time":"4 minutes"},"schema":{"@context":"https:\/\/schema.org","@graph":[{"@type":"WebPage","@id":"https:\/\/productospepito.es\/politica-de-cookies\/","url":"https:\/\/productospepito.es\/politica-de-cookies\/","name":"Pol\u00edtica de Cookies - Productos Pepito","isPartOf":{"@id":"https:\/\/productospepito.es\/#website"},"datePublished":"2021-08-30T15:35:01+00:00","dateModified":"2022-06-16T07:07:40+00:00","breadcrumb":{"@id":"https:\/\/productospepito.es\/politica-de-cookies\/#breadcrumb"},"inLanguage":"en-GB","potentialAction":[{"@type":"ReadAction","target":["https:\/\/productospepito.es\/politica-de-cookies\/"]}]},{"@type":"BreadcrumbList","@id":"https:\/\/productospepito.es\/politica-de-cookies\/#breadcrumb","itemListElement":[{"@type":"ListItem","position":1,"name":"Portada","item":"https:\/\/productospepito.es\/"},{"@type":"ListItem","position":2,"name":"Pol\u00edtica de Cookies"}]},{"@type":"WebSite","@id":"https:\/\/productospepito.es\/#website","url":"https:\/\/productospepito.es\/","name":"Pepito Products,","description":"Fabricantes de Magdalenas desde 1973","publisher":{"@id":"https:\/\/productospepito.es\/#organization"},"potentialAction":[{"@type":"SearchAction","target":{"@type":"EntryPoint","urlTemplate":"https:\/\/productospepito.es\/?s={search_term_string}"},"query-input":{"@type":"PropertyValueSpecification","valueRequired":true,"valueName":"search_term_string"}}],"inLanguage":"en-GB"},{"@type":"Organization","@id":"https:\/\/productospepito.es\/#organization","name":"Pepito Products,","url":"https:\/\/productospepito.es\/","logo":{"@type":"ImageObject","inLanguage":"en-GB","@id":"https:\/\/productospepito.es\/#\/schema\/logo\/image\/","url":"https:\/\/productospepito.es\/wp-content\/uploads\/2021\/07\/cropped-logo-productos-Pepito-magdalenas.png","contentUrl":"https:\/\/productospepito.es\/wp-content\/uploads\/2021\/07\/cropped-logo-productos-Pepito-magdalenas.png","width":164,"height":110,"caption":"Productos Pepito"},"image":{"@id":"https:\/\/productospepito.es\/#\/schema\/logo\/image\/"}}]}},"_links":{"self":[{"href":"https:\/\/productospepito.es\/en\/wp-json\/wp\/v2\/pages\/1244","targetHints":{"allow":["GET"]}}],"collection":[{"href":"https:\/\/productospepito.es\/en\/wp-json\/wp\/v2\/pages"}],"about":[{"href":"https:\/\/productospepito.es\/en\/wp-json\/wp\/v2\/types\/page"}],"author":[{"embeddable":true,"href":"https:\/\/productospepito.es\/en\/wp-json\/wp\/v2\/users\/1"}],"replies":[{"embeddable":true,"href":"https:\/\/productospepito.es\/en\/wp-json\/wp\/v2\/comments?post=1244"}],"version-history":[{"count":21,"href":"https:\/\/productospepito.es\/en\/wp-json\/wp\/v2\/pages\/1244\/revisions"}],"predecessor-version":[{"id":4447,"href":"https:\/\/productospepito.es\/en\/wp-json\/wp\/v2\/pages\/1244\/revisions\/4447"}],"wp:attachment":[{"href":"https:\/\/productospepito.es\/en\/wp-json\/wp\/v2\/media?parent=1244"}],"curies":[{"name":"wp","href":"https:\/\/api.w.org\/{rel}","templated":true}]}}