{"id":1239,"date":"2021-08-30T17:21:51","date_gmt":"2021-08-30T15:21:51","guid":{"rendered":"https:\/\/productospepito.es\/?page_id=1239"},"modified":"2022-06-16T09:08:33","modified_gmt":"2022-06-16T07:08:33","slug":"aviso-legal","status":"publish","type":"page","link":"https:\/\/productospepito.es\/en\/aviso-legal\/","title":{"rendered":"Legal warning"},"content":{"rendered":"<div data-elementor-type=\"wp-page\" data-elementor-id=\"1239\" class=\"elementor elementor-1239\" data-elementor-settings=\"{&quot;element_pack_global_tooltip_width&quot;:{&quot;unit&quot;:&quot;px&quot;,&quot;size&quot;:&quot;&quot;,&quot;sizes&quot;:[]},&quot;element_pack_global_tooltip_width_tablet&quot;:{&quot;unit&quot;:&quot;px&quot;,&quot;size&quot;:&quot;&quot;,&quot;sizes&quot;:[]},&quot;element_pack_global_tooltip_width_mobile&quot;:{&quot;unit&quot;:&quot;px&quot;,&quot;size&quot;:&quot;&quot;,&quot;sizes&quot;:[]},&quot;element_pack_global_tooltip_padding&quot;:{&quot;unit&quot;:&quot;px&quot;,&quot;top&quot;:&quot;&quot;,&quot;right&quot;:&quot;&quot;,&quot;bottom&quot;:&quot;&quot;,&quot;left&quot;:&quot;&quot;,&quot;isLinked&quot;:true},&quot;element_pack_global_tooltip_padding_tablet&quot;:{&quot;unit&quot;:&quot;px&quot;,&quot;top&quot;:&quot;&quot;,&quot;right&quot;:&quot;&quot;,&quot;bottom&quot;:&quot;&quot;,&quot;left&quot;:&quot;&quot;,&quot;isLinked&quot;:true},&quot;element_pack_global_tooltip_padding_mobile&quot;:{&quot;unit&quot;:&quot;px&quot;,&quot;top&quot;:&quot;&quot;,&quot;right&quot;:&quot;&quot;,&quot;bottom&quot;:&quot;&quot;,&quot;left&quot;:&quot;&quot;,&quot;isLinked&quot;:true},&quot;element_pack_global_tooltip_border_radius&quot;:{&quot;unit&quot;:&quot;px&quot;,&quot;top&quot;:&quot;&quot;,&quot;right&quot;:&quot;&quot;,&quot;bottom&quot;:&quot;&quot;,&quot;left&quot;:&quot;&quot;,&quot;isLinked&quot;:true},&quot;element_pack_global_tooltip_border_radius_tablet&quot;:{&quot;unit&quot;:&quot;px&quot;,&quot;top&quot;:&quot;&quot;,&quot;right&quot;:&quot;&quot;,&quot;bottom&quot;:&quot;&quot;,&quot;left&quot;:&quot;&quot;,&quot;isLinked&quot;:true},&quot;element_pack_global_tooltip_border_radius_mobile&quot;:{&quot;unit&quot;:&quot;px&quot;,&quot;top&quot;:&quot;&quot;,&quot;right&quot;:&quot;&quot;,&quot;bottom&quot;:&quot;&quot;,&quot;left&quot;:&quot;&quot;,&quot;isLinked&quot;:true}}\" data-elementor-post-type=\"page\">\n\t\t\t\t\t\t<section class=\"elementor-section elementor-top-section elementor-element elementor-element-a097567 elementor-section-full_width elementor-section-height-min-height elementor-section-height-default elementor-section-items-middle\" data-id=\"a097567\" data-element_type=\"section\" data-settings=\"{&quot;shape_divider_bottom&quot;:&quot;mountains&quot;}\">\n\t\t\t\t\t\t\t<div class=\"elementor-background-overlay\"><\/div>\n\t\t\t\t\t\t<div class=\"elementor-shape elementor-shape-bottom\" aria-hidden=\"true\" data-negative=\"false\">\n\t\t\t<svg xmlns=\"http:\/\/www.w3.org\/2000\/svg\" viewbox=\"0 0 1000 100\" preserveaspectratio=\"none\">\n\t<path class=\"elementor-shape-fill\" opacity=\"0.33\" d=\"M473,67.3c-203.9,88.3-263.1-34-320.3,0C66,119.1,0,59.7,0,59.7V0h1000v59.7 c0,0-62.1,26.1-94.9,29.3c-32.8,3.3-62.8-12.3-75.8-22.1C806,49.6,745.3,8.7,694.9,4.7S492.4,59,473,67.3z\"\/>\n\t<path class=\"elementor-shape-fill\" opacity=\"0.66\" d=\"M734,67.3c-45.5,0-77.2-23.2-129.1-39.1c-28.6-8.7-150.3-10.1-254,39.1 s-91.7-34.4-149.2,0C115.7,118.3,0,39.8,0,39.8V0h1000v36.5c0,0-28.2-18.5-92.1-18.5C810.2,18.1,775.7,67.3,734,67.3z\"\/>\n\t<path class=\"elementor-shape-fill\" d=\"M766.1,28.9c-200-57.5-266,65.5-395.1,19.5C242,1.8,242,5.4,184.8,20.6C128,35.8,132.3,44.9,89.9,52.5C28.6,63.7,0,0,0,0 h1000c0,0-9.9,40.9-83.6,48.1S829.6,47,766.1,28.9z\"\/>\n<\/svg>\t\t<\/div>\n\t\t\t\t\t<div class=\"elementor-container elementor-column-gap-default\">\n\t\t\t\t\t<div class=\"elementor-column elementor-col-100 elementor-top-column elementor-element elementor-element-b74f8c7\" data-id=\"b74f8c7\" data-element_type=\"column\">\n\t\t\t<div class=\"elementor-widget-wrap elementor-element-populated\">\n\t\t\t\t\t\t<div class=\"elementor-element elementor-element-a9cf517 elementor-widget elementor-widget-heading\" data-id=\"a9cf517\" data-element_type=\"widget\" data-widget_type=\"heading.default\">\n\t\t\t\t<div class=\"elementor-widget-container\">\n\t\t\t\t\t<h2 class=\"elementor-heading-title elementor-size-default\">Legal warning<\/h2>\t\t\t\t<\/div>\n\t\t\t\t<\/div>\n\t\t\t\t\t<\/div>\n\t\t<\/div>\n\t\t\t\t\t<\/div>\n\t\t<\/section>\n\t\t\t\t<section class=\"elementor-section elementor-top-section elementor-element elementor-element-dd33559 elementor-section-boxed elementor-section-height-default elementor-section-height-default\" data-id=\"dd33559\" data-element_type=\"section\">\n\t\t\t\t\t\t<div class=\"elementor-container elementor-column-gap-default\">\n\t\t\t\t\t<div class=\"elementor-column elementor-col-100 elementor-top-column elementor-element elementor-element-7a3549f\" data-id=\"7a3549f\" data-element_type=\"column\">\n\t\t\t<div class=\"elementor-widget-wrap elementor-element-populated\">\n\t\t\t\t\t\t<div class=\"elementor-element elementor-element-a935b73 elementor-widget elementor-widget-heading\" data-id=\"a935b73\" data-element_type=\"widget\" data-widget_type=\"heading.default\">\n\t\t\t\t<div class=\"elementor-widget-container\">\n\t\t\t\t\t<h2 class=\"elementor-heading-title elementor-size-default\">AVISO LEGAL<\/h2>\t\t\t\t<\/div>\n\t\t\t\t<\/div>\n\t\t\t\t<div class=\"elementor-element elementor-element-f0b382f elementor-widget elementor-widget-text-editor\" data-id=\"f0b382f\" data-element_type=\"widget\" data-widget_type=\"text-editor.default\">\n\t\t\t\t<div class=\"elementor-widget-container\">\n\t\t\t\t\t\t\t\t\t<p><span style=\"color: var( --e-global-color-text );\">Por favor, lea todos los apartados del presente Aviso Legal antes de utilizar este sitio web. Las siguientes condiciones son vinculantes para cualquier usuario del mismo.<\/span><\/p><p>En cumplimiento con el deber de informaci\u00f3n dispuesto en la Ley 34\/2002 de Servicios de la Sociedad de la Informaci\u00f3n y el Comercio Electr\u00f3nico (LSSI-CE) de 11 de julio, se facilitan a continuaci\u00f3n los siguientes datos de informaci\u00f3n general de este sitio web.<\/p><p>La raz\u00f3n de este texto es explicarle de manera detallada las funcionalidades de esta web y aportarle aquella informaci\u00f3n relacionada con el titular de la web y la finalidad de los contenidos incluidos en ella.<\/p><p>\u00a0<\/p><h5>DATOS IDENTIFICACI\u00d3N<\/h5><p>\u00a0<\/p><p>El presente Aviso Legal regula el uso del servicio del sitio web https:\/\/www.productospepito.es\/ inform\u00e1ndole en cumplimiento de la Ley 34\/2002, de 11 de julio, de Servicios de la Sociedad de la Informaci\u00f3n y de Comercio Electr\u00f3nico, de los siguientes extremos:<\/p><p><strong>Denominaci\u00f3n social:<\/strong> PRODUCTOS PEPITO S.L.U.<\/p><p><strong>Domicilio Social:<\/strong> C\/ Pinoso, 14 \u00a0\u00a003680, Aspe, ALICANTE<\/p><p><strong>Correo Electr\u00f3nico:<\/strong> info@productospepito.es<\/p><p><strong>Tel\u00e9fono de contacto:<\/strong> 965490742<\/p><p><strong>C\u00f3digo de Identificaci\u00f3n Fiscal (CIF):<\/strong> B03135068<\/p><p><strong>Datos Registrales: <\/strong>Registro Mercantil de Alicante, Tomo 1573, Libro 0, Folio 121 ,<\/p><p>\u00a0Hoja A-20097, Inscripci\u00f3n 4\u00aa<\/p><p>\u00a0<\/p><h5>USO DEL SITIO WEB Y OBLIGACIONES DE LOS USUARIOS<\/h5><p>\u00a0<\/p><p>El usuario se compromete a utilizar el sitio web, el contenido y servicios, sin contravenir la legislaci\u00f3n vigente, los usos generalmente aceptados y el orden p\u00fablico. Queda prohibido el uso del sitio web con fines il\u00edcitos o lesivos contra PRODUCTOS PEPITO S.L.U. o un tercero, que, de cualquier forma, puedan causar perjuicio o impedir el normal uso del sitio web.<\/p><p>PRODUCTOS PEPITO S.L.U. garantiza que los contenidos y servicios que ofrece el portal respetan el principio de dignidad de la persona, de protecci\u00f3n de la juventud y la infancia, de no-discriminaci\u00f3n por motivos de raza, sexo, religi\u00f3n, opini\u00f3n, nacionalidad, discapacidad o cualquier otro aspecto personal y social.<\/p><p>Las presentes Condiciones Generales de Uso del sitio web no confieren al usuario ning\u00fan otro derecho de uso, alteraci\u00f3n, explotaci\u00f3n, reproducci\u00f3n, distribuci\u00f3n o comunicaci\u00f3n p\u00fablica de los contenidos del sitio web distintos de los aqu\u00ed expresamente previstos.<\/p><p>Los contenidos (informaci\u00f3n, archivos de sonido y\/o imagen, fotograf\u00edas, dise\u00f1os, etc.) recogidos en el portal, son propiedad de PRODUCTOS PEPITO S.L.U. o la misma se encuentra debidamente autorizada para su difusi\u00f3n por sus leg\u00edtimos titulares.<\/p><p>PRODUCTOS PEPITO S.L.U. se compromete a no realizar publicidad enga\u00f1osa y, por tanto, queda prohibido:<\/p><ul><li><p>El uso para todo tipo de fines comerciales o publicitarios, distintos de los estrictamente permitidos.<\/p><\/li><li><p>Su reproducci\u00f3n, publicaci\u00f3n, distribuci\u00f3n o modificaci\u00f3n, total o parcial a menos que se cuente con la autorizaci\u00f3n previa y por escrito de sus leg\u00edtimos titulares o resulte legalmente permitido.<\/p><\/li><li><p>Cualquier vulneraci\u00f3n de los derechos de PRODUCTOS PEPITO S.L.U. o de sus leg\u00edtimos titulares sobre los mismos.<\/p><\/li><\/ul><h5>\u00a0<\/h5><h5>PROPIEDAD INTELECTUAL E INDUSTRIAL<\/h5><p>\u00a0<\/p><p>El usuario reconoce y acepta que todos los derechos de propiedad industrial e intelectual sobre los contenidos y\/o cualesquiera otros elementos insertados en el sitio web pertenecen a PRODUCTOS PEPITO S.L.U. o la misma se encuentra debidamente autorizada para su difusi\u00f3n en el presente sitio web.<\/p><p>En el caso de que un usuario o un tercero consideren que se ha producido una violaci\u00f3n de sus leg\u00edtimos derechos de propiedad intelectual por la introducci\u00f3n de un determinado contenido en el sitio web, deber\u00e1 notificar dicha circunstancia a PRODUCTOS PEPITO S.L.U. indicando:<\/p><ul><li><p>Datos del titular de los derechos presuntamente infringidos, o indicar la representaci\u00f3n con la que act\u00faa en caso de que la reclamaci\u00f3n la presente un tercero distinto del interesado.<\/p><\/li><li><p>Se\u00f1alar los contenidos protegidos por los derechos de propiedad intelectual y su ubicaci\u00f3n en el Web, la acreditaci\u00f3n de los derechos de propiedad intelectual se\u00f1alados y declaraci\u00f3n expresa en la que el interesado se responsabiliza de la veracidad de las informaciones facilitadas en la notificaci\u00f3n.<\/p><\/li><\/ul><h5>\u00a0<\/h5><h5>ENLACES<\/h5><p>\u00a0<\/p><p>El presente sitio web proporciona enlaces a otros sitios web propios y contenidos que son propiedad de terceros.<\/p><p>El \u00fanico objeto de los enlaces es proporcionar al usuario la posibilidad de acceder a dichos enlaces. PRODUCTOS PEPITO S.L.U. no se responsabiliza en ning\u00fan caso de los resultados que puedan derivarse al usuario por el acceso a dichos enlaces.<\/p><p>El usuario que se proponga establecer cualquier dispositivo t\u00e9cnico de enlace desde su sitio web al portal deber\u00e1 obtener la autorizaci\u00f3n previa y escrita de PRODUCTOS PEPITO S.L.U. El establecimiento del enlace no implica en ning\u00fan caso la existencia de relaciones entre PRODUCTOS PEPITO S.L.U. y el propietario del sitio en el que se establezca el enlace, ni la aceptaci\u00f3n o aprobaci\u00f3n por parte de PRODUCTOS PEPITO S.L.U. de sus contenidos o servicios.<\/p><p>El sitio web en el que se establezca el enlace no contendr\u00e1 ninguna marca, denominaci\u00f3n, logotipo, eslogan u otros signos distintivos pertenecientes a PRODUCTOS PEPITO S.L.U., salvo los expresamente autorizados.<\/p><h5>\u00a0<\/h5><h5>MODIFICACI\u00d3N UNILATERAL Y DURACI\u00d3N<\/h5><p>\u00a0<\/p><p>PRODUCTOS PEPITO S.L.U. se reserva el derecho de modificar, en cualquier momento y sin necesidad de previo aviso, la presentaci\u00f3n y configuraci\u00f3n del sitio web, as\u00ed como el presente Aviso Legal.<\/p><p>\u00a0<\/p><h5>EXCLUSI\u00d3N DE GARANT\u00cdAS Y RESPONSABILIDAD<\/h5><p>\u00a0<\/p><p>PRODUCTOS PEPITO S.L.U. no otorga ninguna garant\u00eda ni se hace responsable, en ning\u00fan caso, de los da\u00f1os y perjuicios de cualquier naturaleza que pudieran acarrear a causa de:<\/p><ul><li><p>La falta disponibilidad, mantenimiento y efectivo funcionamiento del Web y\/o de sus servicios o contenidos.<\/p><\/li><li><p>La existencia de virus, programas maliciosos o lesivos en los contenidos.<\/p><\/li><li><p>El uso il\u00edcito, negligente, fraudulento, contrario a las presentes condiciones, a la buena fe, a los usos generalmente aceptados o al orden p\u00fablico, del sitio Web, sus servicios o contenidos, por parte de los usuarios.<\/p><\/li><\/ul><h5>\u00a0<\/h5><h5>TRATAMIENTO DE DATOS PERSONALES<\/h5><p>\u00a0<\/p><p>PRODUCTOS PEPITO S.L.U. tal y como recoge en su \u201cPOL\u00cdTICA DE PRIVACIDAD\u201d que puede consultar en este sitio web, ha adoptado los niveles de seguridad adecuados a los datos que trata y gestiona, incorporando todos los medios y medidas t\u00e9cnicas a su alcance para garantizar su confidencialidad, evitar su mal uso, p\u00e9rdida, alteraci\u00f3n, acceso no autorizado y robo.<\/p><h5>\u00a0<\/h5><h5>LEGISLACI\u00d3N APLICABLE Y JURISDICCI\u00d3N<\/h5><p>\u00a0<\/p><p>Las presentes Condiciones se regir\u00e1n por la legislaci\u00f3n espa\u00f1ola, sometidas a los juzgados y tribunales de la ciudad de ALICANTE (Espa\u00f1a) ante cualquier controversia derivada del acceso al sitio web.<\/p><p>\u00a0<\/p><h5>CONTACTO<\/h5><p>\u00a0<\/p><p>En caso de que cualquier usuario tuviese alguna duda acerca del presente aviso legal o cualquier comentario sobre el mismo puede dirigirse a info@productospepito.es o enviar una comunicaci\u00f3n escrita a la direcci\u00f3n que consta en el encabezado.<\/p>\t\t\t\t\t\t\t\t<\/div>\n\t\t\t\t<\/div>\n\t\t\t\t\t<\/div>\n\t\t<\/div>\n\t\t\t\t\t<\/div>\n\t\t<\/section>\n\t\t\t\t<\/div>","protected":false},"excerpt":{"rendered":"<p>Aviso Legal AVISO LEGAL Por favor, lea todos los apartados del presente Aviso Legal antes de utilizar este sitio web. Las siguientes condiciones son vinculantes para cualquier usuario del mismo. En cumplimiento con el deber de informaci\u00f3n dispuesto en la Ley 34\/2002 de Servicios de la Sociedad de la Informaci\u00f3n y el Comercio Electr\u00f3nico (LSSI-CE)&hellip; <a class=\"more-link\" href=\"https:\/\/productospepito.es\/en\/aviso-legal\/\">Continue reading <span class=\"screen-reader-text\">Legal warning<\/span><\/a><\/p>","protected":false},"author":1,"featured_media":0,"parent":0,"menu_order":0,"comment_status":"closed","ping_status":"closed","template":"elementor_header_footer","meta":{"footnotes":""},"class_list":["post-1239","page","type-page","status-publish","hentry","entry"],"yoast_head":"<!-- This site is optimized with the Yoast SEO plugin v26.3 - https:\/\/yoast.com\/wordpress\/plugins\/seo\/ -->\n<title>Aviso Legal - Productos Pepito<\/title>\n<meta name=\"robots\" content=\"index, follow, max-snippet:-1, max-image-preview:large, max-video-preview:-1\" \/>\n<link rel=\"canonical\" href=\"https:\/\/productospepito.es\/en\/aviso-legal\/\" \/>\n<meta property=\"og:locale\" content=\"en_GB\" \/>\n<meta property=\"og:type\" content=\"article\" \/>\n<meta property=\"og:title\" content=\"Aviso Legal - Productos Pepito\" \/>\n<meta property=\"og:description\" content=\"Aviso Legal AVISO LEGAL Por favor, lea todos los apartados del presente Aviso Legal antes de utilizar este sitio web. Las siguientes condiciones son vinculantes para cualquier usuario del mismo. En cumplimiento con el deber de informaci\u00f3n dispuesto en la Ley 34\/2002 de Servicios de la Sociedad de la Informaci\u00f3n y el Comercio Electr\u00f3nico (LSSI-CE)&hellip; Continue reading Aviso Legal\" \/>\n<meta property=\"og:url\" content=\"https:\/\/productospepito.es\/en\/aviso-legal\/\" \/>\n<meta property=\"og:site_name\" content=\"Productos Pepito\" \/>\n<meta property=\"article:modified_time\" content=\"2022-06-16T07:08:33+00:00\" \/>\n<meta name=\"twitter:card\" content=\"summary_large_image\" \/>\n<meta name=\"twitter:label1\" content=\"Estimated reading time\" \/>\n\t<meta name=\"twitter:data1\" content=\"6 minutes\" \/>\n<script type=\"application\/ld+json\" class=\"yoast-schema-graph\">{\"@context\":\"https:\/\/schema.org\",\"@graph\":[{\"@type\":\"WebPage\",\"@id\":\"https:\/\/productospepito.es\/aviso-legal\/\",\"url\":\"https:\/\/productospepito.es\/aviso-legal\/\",\"name\":\"Aviso Legal - Productos Pepito\",\"isPartOf\":{\"@id\":\"https:\/\/productospepito.es\/#website\"},\"datePublished\":\"2021-08-30T15:21:51+00:00\",\"dateModified\":\"2022-06-16T07:08:33+00:00\",\"breadcrumb\":{\"@id\":\"https:\/\/productospepito.es\/aviso-legal\/#breadcrumb\"},\"inLanguage\":\"en-GB\",\"potentialAction\":[{\"@type\":\"ReadAction\",\"target\":[\"https:\/\/productospepito.es\/aviso-legal\/\"]}]},{\"@type\":\"BreadcrumbList\",\"@id\":\"https:\/\/productospepito.es\/aviso-legal\/#breadcrumb\",\"itemListElement\":[{\"@type\":\"ListItem\",\"position\":1,\"name\":\"Portada\",\"item\":\"https:\/\/productospepito.es\/\"},{\"@type\":\"ListItem\",\"position\":2,\"name\":\"Aviso Legal\"}]},{\"@type\":\"WebSite\",\"@id\":\"https:\/\/productospepito.es\/#website\",\"url\":\"https:\/\/productospepito.es\/\",\"name\":\"Productos Pepito\",\"description\":\"Fabricantes de Magdalenas desde 1973\",\"publisher\":{\"@id\":\"https:\/\/productospepito.es\/#organization\"},\"potentialAction\":[{\"@type\":\"SearchAction\",\"target\":{\"@type\":\"EntryPoint\",\"urlTemplate\":\"https:\/\/productospepito.es\/?s={search_term_string}\"},\"query-input\":{\"@type\":\"PropertyValueSpecification\",\"valueRequired\":true,\"valueName\":\"search_term_string\"}}],\"inLanguage\":\"en-GB\"},{\"@type\":\"Organization\",\"@id\":\"https:\/\/productospepito.es\/#organization\",\"name\":\"Productos Pepito\",\"url\":\"https:\/\/productospepito.es\/\",\"logo\":{\"@type\":\"ImageObject\",\"inLanguage\":\"en-GB\",\"@id\":\"https:\/\/productospepito.es\/#\/schema\/logo\/image\/\",\"url\":\"https:\/\/productospepito.es\/wp-content\/uploads\/2021\/07\/cropped-logo-productos-Pepito-magdalenas.png\",\"contentUrl\":\"https:\/\/productospepito.es\/wp-content\/uploads\/2021\/07\/cropped-logo-productos-Pepito-magdalenas.png\",\"width\":164,\"height\":110,\"caption\":\"Productos Pepito\"},\"image\":{\"@id\":\"https:\/\/productospepito.es\/#\/schema\/logo\/image\/\"}}]}<\/script>\n<!-- \/ Yoast SEO plugin. -->","yoast_head_json":{"title":"Aviso Legal - Productos Pepito","robots":{"index":"index","follow":"follow","max-snippet":"max-snippet:-1","max-image-preview":"max-image-preview:large","max-video-preview":"max-video-preview:-1"},"canonical":"https:\/\/productospepito.es\/en\/aviso-legal\/","og_locale":"en_GB","og_type":"article","og_title":"Aviso Legal - Productos Pepito","og_description":"Aviso Legal AVISO LEGAL Por favor, lea todos los apartados del presente Aviso Legal antes de utilizar este sitio web. Las siguientes condiciones son vinculantes para cualquier usuario del mismo. En cumplimiento con el deber de informaci\u00f3n dispuesto en la Ley 34\/2002 de Servicios de la Sociedad de la Informaci\u00f3n y el Comercio Electr\u00f3nico (LSSI-CE)&hellip; Continue reading Aviso Legal","og_url":"https:\/\/productospepito.es\/en\/aviso-legal\/","og_site_name":"Productos Pepito","article_modified_time":"2022-06-16T07:08:33+00:00","twitter_card":"summary_large_image","twitter_misc":{"Estimated reading time":"6 minutes"},"schema":{"@context":"https:\/\/schema.org","@graph":[{"@type":"WebPage","@id":"https:\/\/productospepito.es\/aviso-legal\/","url":"https:\/\/productospepito.es\/aviso-legal\/","name":"Aviso Legal - Productos Pepito","isPartOf":{"@id":"https:\/\/productospepito.es\/#website"},"datePublished":"2021-08-30T15:21:51+00:00","dateModified":"2022-06-16T07:08:33+00:00","breadcrumb":{"@id":"https:\/\/productospepito.es\/aviso-legal\/#breadcrumb"},"inLanguage":"en-GB","potentialAction":[{"@type":"ReadAction","target":["https:\/\/productospepito.es\/aviso-legal\/"]}]},{"@type":"BreadcrumbList","@id":"https:\/\/productospepito.es\/aviso-legal\/#breadcrumb","itemListElement":[{"@type":"ListItem","position":1,"name":"Portada","item":"https:\/\/productospepito.es\/"},{"@type":"ListItem","position":2,"name":"Aviso Legal"}]},{"@type":"WebSite","@id":"https:\/\/productospepito.es\/#website","url":"https:\/\/productospepito.es\/","name":"Pepito Products,","description":"Fabricantes de Magdalenas desde 1973","publisher":{"@id":"https:\/\/productospepito.es\/#organization"},"potentialAction":[{"@type":"SearchAction","target":{"@type":"EntryPoint","urlTemplate":"https:\/\/productospepito.es\/?s={search_term_string}"},"query-input":{"@type":"PropertyValueSpecification","valueRequired":true,"valueName":"search_term_string"}}],"inLanguage":"en-GB"},{"@type":"Organization","@id":"https:\/\/productospepito.es\/#organization","name":"Pepito Products,","url":"https:\/\/productospepito.es\/","logo":{"@type":"ImageObject","inLanguage":"en-GB","@id":"https:\/\/productospepito.es\/#\/schema\/logo\/image\/","url":"https:\/\/productospepito.es\/wp-content\/uploads\/2021\/07\/cropped-logo-productos-Pepito-magdalenas.png","contentUrl":"https:\/\/productospepito.es\/wp-content\/uploads\/2021\/07\/cropped-logo-productos-Pepito-magdalenas.png","width":164,"height":110,"caption":"Productos Pepito"},"image":{"@id":"https:\/\/productospepito.es\/#\/schema\/logo\/image\/"}}]}},"_links":{"self":[{"href":"https:\/\/productospepito.es\/en\/wp-json\/wp\/v2\/pages\/1239","targetHints":{"allow":["GET"]}}],"collection":[{"href":"https:\/\/productospepito.es\/en\/wp-json\/wp\/v2\/pages"}],"about":[{"href":"https:\/\/productospepito.es\/en\/wp-json\/wp\/v2\/types\/page"}],"author":[{"embeddable":true,"href":"https:\/\/productospepito.es\/en\/wp-json\/wp\/v2\/users\/1"}],"replies":[{"embeddable":true,"href":"https:\/\/productospepito.es\/en\/wp-json\/wp\/v2\/comments?post=1239"}],"version-history":[{"count":23,"href":"https:\/\/productospepito.es\/en\/wp-json\/wp\/v2\/pages\/1239\/revisions"}],"predecessor-version":[{"id":4453,"href":"https:\/\/productospepito.es\/en\/wp-json\/wp\/v2\/pages\/1239\/revisions\/4453"}],"wp:attachment":[{"href":"https:\/\/productospepito.es\/en\/wp-json\/wp\/v2\/media?parent=1239"}],"curies":[{"name":"wp","href":"https:\/\/api.w.org\/{rel}","templated":true}]}}