{"id":1133,"date":"2021-08-26T11:39:20","date_gmt":"2021-08-26T09:39:20","guid":{"rendered":"https:\/\/productospepito.es\/?page_id=1133"},"modified":"2023-03-13T09:49:03","modified_gmt":"2023-03-13T08:49:03","slug":"magdalenas-mojicon-pepito","status":"publish","type":"page","link":"https:\/\/productospepito.es\/en\/magdalenas-mojicon-pepito\/","title":{"rendered":"Muffins \u201cMojic\u00f3n\u201d Pepito"},"content":{"rendered":"<div data-elementor-type=\"wp-page\" data-elementor-id=\"1133\" class=\"elementor elementor-1133\" data-elementor-settings=\"{&quot;element_pack_global_tooltip_width&quot;:{&quot;unit&quot;:&quot;px&quot;,&quot;size&quot;:&quot;&quot;,&quot;sizes&quot;:[]},&quot;element_pack_global_tooltip_width_tablet&quot;:{&quot;unit&quot;:&quot;px&quot;,&quot;size&quot;:&quot;&quot;,&quot;sizes&quot;:[]},&quot;element_pack_global_tooltip_width_mobile&quot;:{&quot;unit&quot;:&quot;px&quot;,&quot;size&quot;:&quot;&quot;,&quot;sizes&quot;:[]},&quot;element_pack_global_tooltip_padding&quot;:{&quot;unit&quot;:&quot;px&quot;,&quot;top&quot;:&quot;&quot;,&quot;right&quot;:&quot;&quot;,&quot;bottom&quot;:&quot;&quot;,&quot;left&quot;:&quot;&quot;,&quot;isLinked&quot;:true},&quot;element_pack_global_tooltip_padding_tablet&quot;:{&quot;unit&quot;:&quot;px&quot;,&quot;top&quot;:&quot;&quot;,&quot;right&quot;:&quot;&quot;,&quot;bottom&quot;:&quot;&quot;,&quot;left&quot;:&quot;&quot;,&quot;isLinked&quot;:true},&quot;element_pack_global_tooltip_padding_mobile&quot;:{&quot;unit&quot;:&quot;px&quot;,&quot;top&quot;:&quot;&quot;,&quot;right&quot;:&quot;&quot;,&quot;bottom&quot;:&quot;&quot;,&quot;left&quot;:&quot;&quot;,&quot;isLinked&quot;:true},&quot;element_pack_global_tooltip_border_radius&quot;:{&quot;unit&quot;:&quot;px&quot;,&quot;top&quot;:&quot;&quot;,&quot;right&quot;:&quot;&quot;,&quot;bottom&quot;:&quot;&quot;,&quot;left&quot;:&quot;&quot;,&quot;isLinked&quot;:true},&quot;element_pack_global_tooltip_border_radius_tablet&quot;:{&quot;unit&quot;:&quot;px&quot;,&quot;top&quot;:&quot;&quot;,&quot;right&quot;:&quot;&quot;,&quot;bottom&quot;:&quot;&quot;,&quot;left&quot;:&quot;&quot;,&quot;isLinked&quot;:true},&quot;element_pack_global_tooltip_border_radius_mobile&quot;:{&quot;unit&quot;:&quot;px&quot;,&quot;top&quot;:&quot;&quot;,&quot;right&quot;:&quot;&quot;,&quot;bottom&quot;:&quot;&quot;,&quot;left&quot;:&quot;&quot;,&quot;isLinked&quot;:true}}\" data-elementor-post-type=\"page\">\n\t\t\t\t\t\t<section class=\"elementor-section elementor-top-section elementor-element elementor-element-9d6932e elementor-section-full_width elementor-section-height-default elementor-section-height-default\" data-id=\"9d6932e\" data-element_type=\"section\" data-settings=\"{&quot;background_background&quot;:&quot;classic&quot;}\">\n\t\t\t\t\t\t\t<div class=\"elementor-background-overlay\"><\/div>\n\t\t\t\t\t\t\t<div class=\"elementor-container elementor-column-gap-default\">\n\t\t\t\t\t<div class=\"elementor-column elementor-col-100 elementor-top-column elementor-element elementor-element-7fd4fed\" data-id=\"7fd4fed\" data-element_type=\"column\">\n\t\t\t<div class=\"elementor-widget-wrap elementor-element-populated\">\n\t\t\t\t\t\t<div class=\"elementor-element elementor-element-ec73641 elementor-widget elementor-widget-heading\" data-id=\"ec73641\" data-element_type=\"widget\" data-widget_type=\"heading.default\">\n\t\t\t\t<div class=\"elementor-widget-container\">\n\t\t\t\t\t<h6 class=\"elementor-heading-title elementor-size-default\">Pepito Products,<\/h6>\t\t\t\t<\/div>\n\t\t\t\t<\/div>\n\t\t\t\t<div class=\"elementor-element elementor-element-e381d8e elementor-widget elementor-widget-heading\" data-id=\"e381d8e\" data-element_type=\"widget\" data-widget_type=\"heading.default\">\n\t\t\t\t<div class=\"elementor-widget-container\">\n\t\t\t\t\t<h1 class=\"elementor-heading-title elementor-size-default\">Muffins \u201cMojic\u00f3n\u201d Pepito<\/h1>\t\t\t\t<\/div>\n\t\t\t\t<\/div>\n\t\t\t\t\t<\/div>\n\t\t<\/div>\n\t\t\t\t\t<\/div>\n\t\t<\/section>\n\t\t\t\t<section class=\"elementor-section elementor-top-section elementor-element elementor-element-668dbe8 elementor-section-boxed elementor-section-height-default elementor-section-height-default\" data-id=\"668dbe8\" data-element_type=\"section\">\n\t\t\t\t\t\t<div class=\"elementor-container elementor-column-gap-default\">\n\t\t\t\t\t<div class=\"elementor-column elementor-col-33 elementor-top-column elementor-element elementor-element-c0e366c\" data-id=\"c0e366c\" data-element_type=\"column\">\n\t\t\t<div class=\"elementor-widget-wrap elementor-element-populated\">\n\t\t\t\t\t\t<div class=\"elementor-element elementor-element-100484e elementor-arrows-position-inside elementor-widget elementor-widget-image-carousel\" data-id=\"100484e\" data-element_type=\"widget\" data-settings=\"{&quot;slides_to_show&quot;:&quot;1&quot;,&quot;navigation&quot;:&quot;arrows&quot;,&quot;autoplay&quot;:&quot;yes&quot;,&quot;pause_on_hover&quot;:&quot;yes&quot;,&quot;pause_on_interaction&quot;:&quot;yes&quot;,&quot;autoplay_speed&quot;:5000,&quot;infinite&quot;:&quot;yes&quot;,&quot;effect&quot;:&quot;slide&quot;,&quot;speed&quot;:500}\" data-widget_type=\"image-carousel.default\">\n\t\t\t\t<div class=\"elementor-widget-container\">\n\t\t\t\t\t\t\t<div class=\"elementor-image-carousel-wrapper swiper\" role=\"region\" aria-roledescription=\"carousel\" aria-label=\"Carrusel de im\u00e1genes\" dir=\"ltr\">\n\t\t\t<div class=\"elementor-image-carousel swiper-wrapper\" aria-live=\"off\">\n\t\t\t\t\t\t\t\t<div class=\"swiper-slide\" role=\"group\" aria-roledescription=\"slide\" aria-label=\"1 de 3\"><figure class=\"swiper-slide-inner\"><img decoding=\"async\" class=\"swiper-slide-image\" src=\"https:\/\/productospepito.es\/wp-content\/uploads\/2021\/08\/mojicon_40ud-768x867.png\" alt=\"mojicon_40ud\" \/><\/figure><\/div><div class=\"swiper-slide\" role=\"group\" aria-roledescription=\"slide\" aria-label=\"2 de 3\"><figure class=\"swiper-slide-inner\"><img decoding=\"async\" class=\"swiper-slide-image\" src=\"https:\/\/productospepito.es\/wp-content\/uploads\/2021\/09\/mojicon_40ud_2-768x867.png\" alt=\"mojicon_40ud_2\" \/><\/figure><\/div><div class=\"swiper-slide\" role=\"group\" aria-roledescription=\"slide\" aria-label=\"3 de 3\"><figure class=\"swiper-slide-inner\"><img decoding=\"async\" class=\"swiper-slide-image\" src=\"https:\/\/productospepito.es\/wp-content\/uploads\/2021\/09\/mojicon_40ud_4-768x867.png\" alt=\"mojicon_40ud_4\" \/><\/figure><\/div>\t\t\t<\/div>\n\t\t\t\t\t\t\t\t\t\t\t\t<div class=\"elementor-swiper-button elementor-swiper-button-prev\" role=\"button\" tabindex=\"0\">\n\t\t\t\t\t\t<i aria-hidden=\"true\" class=\"eicon-chevron-left\"><\/i>\t\t\t\t\t<\/div>\n\t\t\t\t\t<div class=\"elementor-swiper-button elementor-swiper-button-next\" role=\"button\" tabindex=\"0\">\n\t\t\t\t\t\t<i aria-hidden=\"true\" class=\"eicon-chevron-right\"><\/i>\t\t\t\t\t<\/div>\n\t\t\t\t\n\t\t\t\t\t\t\t\t\t<\/div>\n\t\t\t\t\t\t<\/div>\n\t\t\t\t<\/div>\n\t\t\t\t\t<\/div>\n\t\t<\/div>\n\t\t\t\t<div class=\"elementor-column elementor-col-33 elementor-top-column elementor-element elementor-element-745b7f5 elementor-hidden-tablet elementor-hidden-phone\" data-id=\"745b7f5\" data-element_type=\"column\">\n\t\t\t<div class=\"elementor-widget-wrap\">\n\t\t\t\t\t\t\t<\/div>\n\t\t<\/div>\n\t\t\t\t<div class=\"elementor-column elementor-col-33 elementor-top-column elementor-element elementor-element-383c76a\" data-id=\"383c76a\" data-element_type=\"column\">\n\t\t\t<div class=\"elementor-widget-wrap elementor-element-populated\">\n\t\t\t\t\t\t<div class=\"elementor-element elementor-element-5158183 elementor-widget elementor-widget-heading\" data-id=\"5158183\" data-element_type=\"widget\" data-widget_type=\"heading.default\">\n\t\t\t\t<div class=\"elementor-widget-container\">\n\t\t\t\t\t<h6 class=\"elementor-heading-title elementor-size-default\">Pack 40 units <\/h6>\t\t\t\t<\/div>\n\t\t\t\t<\/div>\n\t\t\t\t<div class=\"elementor-element elementor-element-cc03574 elementor-widget elementor-widget-heading\" data-id=\"cc03574\" data-element_type=\"widget\" data-widget_type=\"heading.default\">\n\t\t\t\t<div class=\"elementor-widget-container\">\n\t\t\t\t\t<h4 class=\"elementor-heading-title elementor-size-default\">Muffins \u201cMojic\u00f3n\u201d Pepito<\/h4>\t\t\t\t<\/div>\n\t\t\t\t<\/div>\n\t\t\t\t<div class=\"elementor-element elementor-element-9dce6a0 elementor-widget elementor-widget-text-editor\" data-id=\"9dce6a0\" data-element_type=\"widget\" data-widget_type=\"text-editor.default\">\n\t\t\t\t<div class=\"elementor-widget-container\">\n\t\t\t\t\t\t\t\t\t<p>Caja de\u00a040 unidades de Magdalenas Mojic\u00f3n.\u00a0<\/p><p>\u00a0<\/p><p><em>Net Weight: 2500g<\/em><\/p>\t\t\t\t\t\t\t\t<\/div>\n\t\t\t\t<\/div>\n\t\t\t\t<section class=\"elementor-section elementor-inner-section elementor-element elementor-element-943b473 elementor-section-boxed elementor-section-height-default elementor-section-height-default\" data-id=\"943b473\" data-element_type=\"section\">\n\t\t\t\t\t\t<div class=\"elementor-container elementor-column-gap-default\">\n\t\t\t\t\t<div class=\"elementor-column elementor-col-33 elementor-inner-column elementor-element elementor-element-da5bba4\" data-id=\"da5bba4\" data-element_type=\"column\">\n\t\t\t<div class=\"elementor-widget-wrap elementor-element-populated\">\n\t\t\t\t\t\t<div class=\"elementor-element elementor-element-43ce761 elementor-widget elementor-widget-image\" data-id=\"43ce761\" data-element_type=\"widget\" data-widget_type=\"image.default\">\n\t\t\t\t<div class=\"elementor-widget-container\">\n\t\t\t\t\t\t\t\t\t\t\t\t\t\t\t<img decoding=\"async\" src=\"https:\/\/productospepito.es\/wp-content\/uploads\/2021\/10\/iconos_pepito_en_Mesa-de-trabajo-1-copia-7.png\" title=\"iconos_magdalenas_pepito (3)\" alt=\"iconos_magdalenas_pepito (3)\" loading=\"lazy\" \/>\t\t\t\t\t\t\t\t\t\t\t\t\t\t\t<\/div>\n\t\t\t\t<\/div>\n\t\t\t\t\t<\/div>\n\t\t<\/div>\n\t\t\t\t<div class=\"elementor-column elementor-col-33 elementor-inner-column elementor-element elementor-element-eb12d2e\" data-id=\"eb12d2e\" data-element_type=\"column\">\n\t\t\t<div class=\"elementor-widget-wrap elementor-element-populated\">\n\t\t\t\t\t\t<div class=\"elementor-element elementor-element-8bd03e4 elementor-widget elementor-widget-image\" data-id=\"8bd03e4\" data-element_type=\"widget\" data-widget_type=\"image.default\">\n\t\t\t\t<div class=\"elementor-widget-container\">\n\t\t\t\t\t\t\t\t\t\t\t\t\t\t\t<img decoding=\"async\" src=\"https:\/\/productospepito.es\/wp-content\/uploads\/2021\/10\/iconos_pepito_en_Mesa-de-trabajo-1-copia-4.png\" title=\"iconos_magdalenas_pepito (2)\" alt=\"iconos_magdalenas_pepito (2)\" loading=\"lazy\" \/>\t\t\t\t\t\t\t\t\t\t\t\t\t\t\t<\/div>\n\t\t\t\t<\/div>\n\t\t\t\t\t<\/div>\n\t\t<\/div>\n\t\t\t\t<div class=\"elementor-column elementor-col-33 elementor-inner-column elementor-element elementor-element-a168ff8\" data-id=\"a168ff8\" data-element_type=\"column\">\n\t\t\t<div class=\"elementor-widget-wrap elementor-element-populated\">\n\t\t\t\t\t\t<div class=\"elementor-element elementor-element-62130a9 elementor-widget elementor-widget-image\" data-id=\"62130a9\" data-element_type=\"widget\" data-widget_type=\"image.default\">\n\t\t\t\t<div class=\"elementor-widget-container\">\n\t\t\t\t\t\t\t\t\t\t\t\t\t\t\t<img decoding=\"async\" src=\"https:\/\/productospepito.es\/wp-content\/uploads\/2021\/10\/iconos_pepito_en_Mesa-de-trabajo-1-copia-5.png\" title=\"iconos_pepito_Mesa de trabajo 1 copia\" alt=\"iconos_pepito_Mesa de trabajo 1 copia\" loading=\"lazy\" \/>\t\t\t\t\t\t\t\t\t\t\t\t\t\t\t<\/div>\n\t\t\t\t<\/div>\n\t\t\t\t\t<\/div>\n\t\t<\/div>\n\t\t\t\t\t<\/div>\n\t\t<\/section>\n\t\t\t\t<div class=\"elementor-element elementor-element-148940b elementor-align-center elementor-hidden-desktop elementor-hidden-tablet elementor-hidden-mobile elementor-widget elementor-widget-button\" data-id=\"148940b\" data-element_type=\"widget\" data-widget_type=\"button.default\">\n\t\t\t\t<div class=\"elementor-widget-container\">\n\t\t\t\t\t\t\t\t\t<div class=\"elementor-button-wrapper\">\n\t\t\t\t\t<a class=\"elementor-button elementor-button-link elementor-size-sm\" href=\"#ocho\">\n\t\t\t\t\t\t<span class=\"elementor-button-content-wrapper\">\n\t\t\t\t\t\t\t\t\t<span class=\"elementor-button-text\">M\u00e1s informaci\u00f3n<\/span>\n\t\t\t\t\t<\/span>\n\t\t\t\t\t<\/a>\n\t\t\t\t<\/div>\n\t\t\t\t\t\t\t\t<\/div>\n\t\t\t\t<\/div>\n\t\t\t\t\t<\/div>\n\t\t<\/div>\n\t\t\t\t\t<\/div>\n\t\t<\/section>\n\t\t\t\t<section class=\"elementor-section elementor-top-section elementor-element elementor-element-d1af09b elementor-section-boxed elementor-section-height-default elementor-section-height-default\" data-id=\"d1af09b\" data-element_type=\"section\">\n\t\t\t\t\t\t<div class=\"elementor-container elementor-column-gap-default\">\n\t\t\t\t\t<div class=\"elementor-column elementor-col-100 elementor-top-column elementor-element elementor-element-f399f76\" data-id=\"f399f76\" data-element_type=\"column\">\n\t\t\t<div class=\"elementor-widget-wrap elementor-element-populated\">\n\t\t\t\t\t\t<div class=\"elementor-element elementor-element-571062e elementor-widget elementor-widget-heading\" data-id=\"571062e\" data-element_type=\"widget\" data-widget_type=\"heading.default\">\n\t\t\t\t<div class=\"elementor-widget-container\">\n\t\t\t\t\t<h2 class=\"elementor-heading-title elementor-size-default\">Magdalena Mojic\u00f3n en otro formato<\/h2>\t\t\t\t<\/div>\n\t\t\t\t<\/div>\n\t\t\t\t\t<\/div>\n\t\t<\/div>\n\t\t\t\t\t<\/div>\n\t\t<\/section>\n\t\t\t\t<section class=\"elementor-section elementor-top-section elementor-element elementor-element-de639ac elementor-section-boxed elementor-section-height-default elementor-section-height-default\" data-id=\"de639ac\" data-element_type=\"section\">\n\t\t\t\t\t\t<div class=\"elementor-container elementor-column-gap-default\">\n\t\t\t\t\t<div class=\"elementor-column elementor-col-33 elementor-top-column elementor-element elementor-element-5c6572a\" data-id=\"5c6572a\" data-element_type=\"column\">\n\t\t\t<div class=\"elementor-widget-wrap\">\n\t\t\t\t\t\t\t<\/div>\n\t\t<\/div>\n\t\t\t\t<div class=\"elementor-column elementor-col-33 elementor-top-column elementor-element elementor-element-fb686eb\" data-id=\"fb686eb\" data-element_type=\"column\">\n\t\t\t<div class=\"elementor-widget-wrap elementor-element-populated\">\n\t\t\t\t\t\t<div class=\"elementor-element elementor-element-878a680 elementor-widget__width-inherit elementor-widget elementor-widget-image\" data-id=\"878a680\" data-element_type=\"widget\" data-widget_type=\"image.default\">\n\t\t\t\t<div class=\"elementor-widget-container\">\n\t\t\t\t\t\t\t\t\t\t\t\t\t\t\t\t<a href=\"https:\/\/productospepito.es\/en\/magdalenas-mojicon\/\">\n\t\t\t\t\t\t\t<img fetchpriority=\"high\" decoding=\"async\" width=\"1210\" height=\"1342\" src=\"https:\/\/productospepito.es\/wp-content\/uploads\/2021\/08\/magdalenas_mojicon_24ud.png\" class=\"elementor-animation-bounce-in attachment-full size-full wp-image-888\" alt=\"\" srcset=\"https:\/\/productospepito.es\/wp-content\/uploads\/2021\/08\/magdalenas_mojicon_24ud.png 1210w, https:\/\/productospepito.es\/wp-content\/uploads\/2021\/08\/magdalenas_mojicon_24ud-270x300.png 270w, https:\/\/productospepito.es\/wp-content\/uploads\/2021\/08\/magdalenas_mojicon_24ud-923x1024.png 923w, https:\/\/productospepito.es\/wp-content\/uploads\/2021\/08\/magdalenas_mojicon_24ud-768x852.png 768w\" sizes=\"(max-width: 1210px) 100vw, 1210px\" style=\"width:100%;height:110.91%;max-width:1210px\" \/>\t\t\t\t\t\t\t\t<\/a>\n\t\t\t\t\t\t\t\t\t\t\t\t\t\t\t<\/div>\n\t\t\t\t<\/div>\n\t\t\t\t\t<\/div>\n\t\t<\/div>\n\t\t\t\t<div class=\"elementor-column elementor-col-33 elementor-top-column elementor-element elementor-element-3d0fdbb\" data-id=\"3d0fdbb\" data-element_type=\"column\">\n\t\t\t<div class=\"elementor-widget-wrap\">\n\t\t\t\t\t\t\t<\/div>\n\t\t<\/div>\n\t\t\t\t\t<\/div>\n\t\t<\/section>\n\t\t\t\t<\/div>","protected":false},"excerpt":{"rendered":"<p>Productos Pepito Magdalenas \u201cMojic\u00f3n\u201d Pepito Anterior Siguiente Pack 40 unidades Magdalenas \u201cMojic\u00f3n\u201d Pepito Caja de\u00a040 unidades de Magdalenas Mojic\u00f3n.\u00a0 \u00a0 Peso neto: 2500g M\u00e1s informaci\u00f3n Magdalena Mojic\u00f3n en otro formato<\/p>","protected":false},"author":1,"featured_media":0,"parent":0,"menu_order":0,"comment_status":"closed","ping_status":"closed","template":"elementor_header_footer","meta":{"footnotes":""},"class_list":["post-1133","page","type-page","status-publish","hentry","entry"],"yoast_head":"<!-- This site is optimized with the Yoast SEO plugin v26.3 - https:\/\/yoast.com\/wordpress\/plugins\/seo\/ -->\n<title>Magdalenas \u201cMojic\u00f3n\u201d Pepito - Productos Pepito<\/title>\n<meta name=\"robots\" content=\"index, follow, max-snippet:-1, max-image-preview:large, max-video-preview:-1\" \/>\n<link rel=\"canonical\" href=\"https:\/\/productospepito.es\/en\/magdalenas-mojicon-pepito\/\" \/>\n<meta property=\"og:locale\" content=\"en_GB\" \/>\n<meta property=\"og:type\" content=\"article\" \/>\n<meta property=\"og:title\" content=\"Magdalenas \u201cMojic\u00f3n\u201d Pepito - Productos Pepito\" \/>\n<meta property=\"og:description\" content=\"Productos Pepito Magdalenas \u201cMojic\u00f3n\u201d Pepito Anterior Siguiente Pack 40 unidades Magdalenas \u201cMojic\u00f3n\u201d Pepito Caja de\u00a040 unidades de Magdalenas Mojic\u00f3n.\u00a0 \u00a0 Peso neto: 2500g M\u00e1s informaci\u00f3n Magdalena Mojic\u00f3n en otro formato\" \/>\n<meta property=\"og:url\" content=\"https:\/\/productospepito.es\/en\/magdalenas-mojicon-pepito\/\" \/>\n<meta property=\"og:site_name\" content=\"Productos Pepito\" \/>\n<meta property=\"article:modified_time\" content=\"2023-03-13T08:49:03+00:00\" \/>\n<meta property=\"og:image\" content=\"https:\/\/productospepito.es\/wp-content\/uploads\/2021\/08\/mojicon_40ud-768x867.png\" \/>\n<meta name=\"twitter:card\" content=\"summary_large_image\" \/>\n<script type=\"application\/ld+json\" class=\"yoast-schema-graph\">{\"@context\":\"https:\/\/schema.org\",\"@graph\":[{\"@type\":\"WebPage\",\"@id\":\"https:\/\/productospepito.es\/magdalenas-mojicon-pepito\/\",\"url\":\"https:\/\/productospepito.es\/magdalenas-mojicon-pepito\/\",\"name\":\"Magdalenas \u201cMojic\u00f3n\u201d Pepito - Productos Pepito\",\"isPartOf\":{\"@id\":\"https:\/\/productospepito.es\/#website\"},\"primaryImageOfPage\":{\"@id\":\"https:\/\/productospepito.es\/magdalenas-mojicon-pepito\/#primaryimage\"},\"image\":{\"@id\":\"https:\/\/productospepito.es\/magdalenas-mojicon-pepito\/#primaryimage\"},\"thumbnailUrl\":\"https:\/\/productospepito.es\/wp-content\/uploads\/2021\/08\/mojicon_40ud-768x867.png\",\"datePublished\":\"2021-08-26T09:39:20+00:00\",\"dateModified\":\"2023-03-13T08:49:03+00:00\",\"breadcrumb\":{\"@id\":\"https:\/\/productospepito.es\/magdalenas-mojicon-pepito\/#breadcrumb\"},\"inLanguage\":\"en-GB\",\"potentialAction\":[{\"@type\":\"ReadAction\",\"target\":[\"https:\/\/productospepito.es\/magdalenas-mojicon-pepito\/\"]}]},{\"@type\":\"ImageObject\",\"inLanguage\":\"en-GB\",\"@id\":\"https:\/\/productospepito.es\/magdalenas-mojicon-pepito\/#primaryimage\",\"url\":\"https:\/\/productospepito.es\/wp-content\/uploads\/2021\/08\/mojicon_40ud-768x867.png\",\"contentUrl\":\"https:\/\/productospepito.es\/wp-content\/uploads\/2021\/08\/mojicon_40ud-768x867.png\"},{\"@type\":\"BreadcrumbList\",\"@id\":\"https:\/\/productospepito.es\/magdalenas-mojicon-pepito\/#breadcrumb\",\"itemListElement\":[{\"@type\":\"ListItem\",\"position\":1,\"name\":\"Portada\",\"item\":\"https:\/\/productospepito.es\/\"},{\"@type\":\"ListItem\",\"position\":2,\"name\":\"Magdalenas \u201cMojic\u00f3n\u201d Pepito\"}]},{\"@type\":\"WebSite\",\"@id\":\"https:\/\/productospepito.es\/#website\",\"url\":\"https:\/\/productospepito.es\/\",\"name\":\"Productos Pepito\",\"description\":\"Fabricantes de Magdalenas desde 1973\",\"publisher\":{\"@id\":\"https:\/\/productospepito.es\/#organization\"},\"potentialAction\":[{\"@type\":\"SearchAction\",\"target\":{\"@type\":\"EntryPoint\",\"urlTemplate\":\"https:\/\/productospepito.es\/?s={search_term_string}\"},\"query-input\":{\"@type\":\"PropertyValueSpecification\",\"valueRequired\":true,\"valueName\":\"search_term_string\"}}],\"inLanguage\":\"en-GB\"},{\"@type\":\"Organization\",\"@id\":\"https:\/\/productospepito.es\/#organization\",\"name\":\"Productos Pepito\",\"url\":\"https:\/\/productospepito.es\/\",\"logo\":{\"@type\":\"ImageObject\",\"inLanguage\":\"en-GB\",\"@id\":\"https:\/\/productospepito.es\/#\/schema\/logo\/image\/\",\"url\":\"https:\/\/productospepito.es\/wp-content\/uploads\/2021\/07\/cropped-logo-productos-Pepito-magdalenas.png\",\"contentUrl\":\"https:\/\/productospepito.es\/wp-content\/uploads\/2021\/07\/cropped-logo-productos-Pepito-magdalenas.png\",\"width\":164,\"height\":110,\"caption\":\"Productos Pepito\"},\"image\":{\"@id\":\"https:\/\/productospepito.es\/#\/schema\/logo\/image\/\"}}]}<\/script>\n<!-- \/ Yoast SEO plugin. -->","yoast_head_json":{"title":"Magdalenas \u201cMojic\u00f3n\u201d Pepito - Productos Pepito","robots":{"index":"index","follow":"follow","max-snippet":"max-snippet:-1","max-image-preview":"max-image-preview:large","max-video-preview":"max-video-preview:-1"},"canonical":"https:\/\/productospepito.es\/en\/magdalenas-mojicon-pepito\/","og_locale":"en_GB","og_type":"article","og_title":"Magdalenas \u201cMojic\u00f3n\u201d Pepito - Productos Pepito","og_description":"Productos Pepito Magdalenas \u201cMojic\u00f3n\u201d Pepito Anterior Siguiente Pack 40 unidades Magdalenas \u201cMojic\u00f3n\u201d Pepito Caja de\u00a040 unidades de Magdalenas Mojic\u00f3n.\u00a0 \u00a0 Peso neto: 2500g M\u00e1s informaci\u00f3n Magdalena Mojic\u00f3n en otro formato","og_url":"https:\/\/productospepito.es\/en\/magdalenas-mojicon-pepito\/","og_site_name":"Productos Pepito","article_modified_time":"2023-03-13T08:49:03+00:00","og_image":[{"url":"https:\/\/productospepito.es\/wp-content\/uploads\/2021\/08\/mojicon_40ud-768x867.png","type":"","width":"","height":""}],"twitter_card":"summary_large_image","schema":{"@context":"https:\/\/schema.org","@graph":[{"@type":"WebPage","@id":"https:\/\/productospepito.es\/magdalenas-mojicon-pepito\/","url":"https:\/\/productospepito.es\/magdalenas-mojicon-pepito\/","name":"Magdalenas \u201cMojic\u00f3n\u201d Pepito - Productos Pepito","isPartOf":{"@id":"https:\/\/productospepito.es\/#website"},"primaryImageOfPage":{"@id":"https:\/\/productospepito.es\/magdalenas-mojicon-pepito\/#primaryimage"},"image":{"@id":"https:\/\/productospepito.es\/magdalenas-mojicon-pepito\/#primaryimage"},"thumbnailUrl":"https:\/\/productospepito.es\/wp-content\/uploads\/2021\/08\/mojicon_40ud-768x867.png","datePublished":"2021-08-26T09:39:20+00:00","dateModified":"2023-03-13T08:49:03+00:00","breadcrumb":{"@id":"https:\/\/productospepito.es\/magdalenas-mojicon-pepito\/#breadcrumb"},"inLanguage":"en-GB","potentialAction":[{"@type":"ReadAction","target":["https:\/\/productospepito.es\/magdalenas-mojicon-pepito\/"]}]},{"@type":"ImageObject","inLanguage":"en-GB","@id":"https:\/\/productospepito.es\/magdalenas-mojicon-pepito\/#primaryimage","url":"https:\/\/productospepito.es\/wp-content\/uploads\/2021\/08\/mojicon_40ud-768x867.png","contentUrl":"https:\/\/productospepito.es\/wp-content\/uploads\/2021\/08\/mojicon_40ud-768x867.png"},{"@type":"BreadcrumbList","@id":"https:\/\/productospepito.es\/magdalenas-mojicon-pepito\/#breadcrumb","itemListElement":[{"@type":"ListItem","position":1,"name":"Portada","item":"https:\/\/productospepito.es\/"},{"@type":"ListItem","position":2,"name":"Magdalenas \u201cMojic\u00f3n\u201d Pepito"}]},{"@type":"WebSite","@id":"https:\/\/productospepito.es\/#website","url":"https:\/\/productospepito.es\/","name":"Pepito Products,","description":"Fabricantes de Magdalenas desde 1973","publisher":{"@id":"https:\/\/productospepito.es\/#organization"},"potentialAction":[{"@type":"SearchAction","target":{"@type":"EntryPoint","urlTemplate":"https:\/\/productospepito.es\/?s={search_term_string}"},"query-input":{"@type":"PropertyValueSpecification","valueRequired":true,"valueName":"search_term_string"}}],"inLanguage":"en-GB"},{"@type":"Organization","@id":"https:\/\/productospepito.es\/#organization","name":"Pepito Products,","url":"https:\/\/productospepito.es\/","logo":{"@type":"ImageObject","inLanguage":"en-GB","@id":"https:\/\/productospepito.es\/#\/schema\/logo\/image\/","url":"https:\/\/productospepito.es\/wp-content\/uploads\/2021\/07\/cropped-logo-productos-Pepito-magdalenas.png","contentUrl":"https:\/\/productospepito.es\/wp-content\/uploads\/2021\/07\/cropped-logo-productos-Pepito-magdalenas.png","width":164,"height":110,"caption":"Productos Pepito"},"image":{"@id":"https:\/\/productospepito.es\/#\/schema\/logo\/image\/"}}]}},"_links":{"self":[{"href":"https:\/\/productospepito.es\/en\/wp-json\/wp\/v2\/pages\/1133","targetHints":{"allow":["GET"]}}],"collection":[{"href":"https:\/\/productospepito.es\/en\/wp-json\/wp\/v2\/pages"}],"about":[{"href":"https:\/\/productospepito.es\/en\/wp-json\/wp\/v2\/types\/page"}],"author":[{"embeddable":true,"href":"https:\/\/productospepito.es\/en\/wp-json\/wp\/v2\/users\/1"}],"replies":[{"embeddable":true,"href":"https:\/\/productospepito.es\/en\/wp-json\/wp\/v2\/comments?post=1133"}],"version-history":[{"count":47,"href":"https:\/\/productospepito.es\/en\/wp-json\/wp\/v2\/pages\/1133\/revisions"}],"predecessor-version":[{"id":5601,"href":"https:\/\/productospepito.es\/en\/wp-json\/wp\/v2\/pages\/1133\/revisions\/5601"}],"wp:attachment":[{"href":"https:\/\/productospepito.es\/en\/wp-json\/wp\/v2\/media?parent=1133"}],"curies":[{"name":"wp","href":"https:\/\/api.w.org\/{rel}","templated":true}]}}